{"id":3754,"date":"2024-04-03T10:22:32","date_gmt":"2024-04-03T07:22:32","guid":{"rendered":"https:\/\/bloomarine.gr\/product\/5-hour-boat-cruise-around-folegandros-island-up-to-7-people-7-meter-rib-boat-topline-grey-black\/"},"modified":"2024-04-22T18:37:05","modified_gmt":"2024-04-22T15:37:05","slug":"5-hour-boat-cruise-around-folegandros-island-up-to-7-people-7-meter-rib-boat-topline-grey-black","status":"publish","type":"product","link":"https:\/\/bloomarine.gr\/fr\/product\/5-hour-boat-cruise-around-folegandros-island-up-to-7-people-7-meter-rib-boat-topline-grey-black\/","title":{"rendered":"Croisi\u00e8re en bateau de 5 heures autour de l&rsquo;\u00eele de Folegandros jusqu&rsquo;\u00e0 7 personnes (bateau pneumatique de 7 m\u00e8tres Topline Gris\/Noir)"},"content":{"rendered":"<p>Nous venons vous chercher au port principal de Folegandros (Karavostasis). Notre premi\u00e8re visite sera sur la c\u00f4te d&rsquo;Agios Georgios, une petite crique tranquille, o\u00f9 nous pourrons profiter des eaux cristallines de la plage.<\/p>\n<p>Continuant notre voyage vers le sud-est, nous allons passer par les plages du sud de Folegandros. En chemin, nous passons par Ampeli et la baie de Vathi, avec les deux plages les plus grandes et les plus populaires d&rsquo;Agios Nikolaos et d&rsquo;Agali. Nous pouvons maintenant profiter de notre caf\u00e9 et nager dans la r\u00e9gion tout en ayant un premier aper\u00e7u de Folegandros.<\/p>\n<p>Partant d&rsquo;Agali, notre destination est la meilleure plage de l&rsquo;\u00eele, Katergo, une plage aux eaux calmes et claires, gr\u00e2ce \u00e0 la morphologie des c\u00f4tes qui l&rsquo;entourent. Apr\u00e8s avoir profit\u00e9 de Katergo, notre destination finale est Karavostasis, le port principal de l&rsquo;\u00eele. Il vaut la peine de s&rsquo;arr\u00eater ici et de prendre le bus local pour visiter la Chora de Folegandros.<\/p>\n<p>Construite au-dessus de la baie de Piaka, sa vue unique et son architecture traditionnelle rappellent une fois de plus la beaut\u00e9 des Cyclades. Ici, nous explorerons les rues pittoresques de la Chora, o\u00f9 vous aurez le temps de prendre un caf\u00e9 et de visiter les boutiques locales. Enfin, si vous aimez marcher, vous devriez visiter la Panagia de Folegandros, d&rsquo;o\u00f9 la vue sera le meilleur souvenir de notre court voyage.<\/p>\n<p>En partant, nous redescendrons au port de Karavostasi pour terminer notre croisi\u00e8re.<\/p>\n","protected":false},"excerpt":{"rendered":"<p>Nous venons vous chercher au port principal de Folegandros (Karavostasis). Notre premi\u00e8re visite sera sur la c\u00f4te d&rsquo;Agios Georgios, une [&hellip;]<\/p>\n","protected":false},"featured_media":2669,"template":"","meta":{"_acf_changed":false,"site-sidebar-layout":"default","site-content-layout":"","ast-site-content-layout":"default","site-content-style":"default","site-sidebar-style":"default","ast-global-header-display":"","ast-banner-title-visibility":"","ast-main-header-display":"","ast-hfb-above-header-display":"","ast-hfb-below-header-display":"","ast-hfb-mobile-header-display":"","site-post-title":"","ast-breadcrumbs-content":"","ast-featured-img":"","footer-sml-layout":"","theme-transparent-header-meta":"default","adv-header-id-meta":"","stick-header-meta":"","header-above-stick-meta":"","header-main-stick-meta":"","header-below-stick-meta":"","astra-migrate-meta-layouts":"default","ast-page-background-enabled":"default","ast-page-background-meta":{"desktop":{"background-color":"var(--ast-global-color-4)","background-image":"","background-repeat":"repeat","background-position":"center center","background-size":"auto","background-attachment":"scroll","background-type":"","background-media":"","overlay-type":"","overlay-color":"","overlay-opacity":"","overlay-gradient":""},"tablet":{"background-color":"","background-image":"","background-repeat":"repeat","background-position":"center center","background-size":"auto","background-attachment":"scroll","background-type":"","background-media":"","overlay-type":"","overlay-color":"","overlay-opacity":"","overlay-gradient":""},"mobile":{"background-color":"","background-image":"","background-repeat":"repeat","background-position":"center center","background-size":"auto","background-attachment":"scroll","background-type":"","background-media":"","overlay-type":"","overlay-color":"","overlay-opacity":"","overlay-gradient":""}},"ast-content-background-meta":{"desktop":{"background-color":"var(--ast-global-color-5)","background-image":"","background-repeat":"repeat","background-position":"center center","background-size":"auto","background-attachment":"scroll","background-type":"","background-media":"","overlay-type":"","overlay-color":"","overlay-opacity":"","overlay-gradient":""},"tablet":{"background-color":"var(--ast-global-color-5)","background-image":"","background-repeat":"repeat","background-position":"center center","background-size":"auto","background-attachment":"scroll","background-type":"","background-media":"","overlay-type":"","overlay-color":"","overlay-opacity":"","overlay-gradient":""},"mobile":{"background-color":"var(--ast-global-color-5)","background-image":"","background-repeat":"repeat","background-position":"center center","background-size":"auto","background-attachment":"scroll","background-type":"","background-media":"","overlay-type":"","overlay-color":"","overlay-opacity":"","overlay-gradient":""}}},"product_brand":[],"product_cat":[111],"product_tag":[],"class_list":{"0":"post-3754","1":"product","2":"type-product","3":"status-publish","4":"has-post-thumbnail","6":"product_cat-croisiere-de-5-heures-autour-de-lile-de-folegandros","7":"desktop-align-left","8":"tablet-align-left","9":"mobile-align-left","10":"ast-product-gallery-layout-horizontal-slider","11":"ast-product-gallery-with-no-image","12":"ast-product-tabs-layout-horizontal","14":"first","15":"instock","16":"taxable","17":"shipping-taxable","18":"purchasable","19":"product-type-simple"},"acf":[],"yoast_head":"<!-- This site is optimized with the Yoast SEO Premium plugin v24.9 (Yoast SEO v24.9) - https:\/\/yoast.com\/wordpress\/plugins\/seo\/ -->\n<title>Croisi\u00e8re en bateau de 5 heures autour de l&#039;\u00eele de Folegandros jusqu&#039;\u00e0 7 personnes (bateau pneumatique de 7 m\u00e8tres Topline Gris\/Noir) - Bloomarine<\/title>\n<meta name=\"robots\" content=\"index, follow, max-snippet:-1, max-image-preview:large, max-video-preview:-1\" \/>\n<link rel=\"canonical\" href=\"https:\/\/bloomarine.gr\/fr\/product\/5-hour-boat-cruise-around-folegandros-island-up-to-7-people-7-meter-rib-boat-topline-grey-black\/\" \/>\n<meta property=\"og:locale\" content=\"fr_FR\" \/>\n<meta property=\"og:type\" content=\"article\" \/>\n<meta property=\"og:title\" content=\"Croisi\u00e8re en bateau de 5 heures autour de l&#039;\u00eele de Folegandros jusqu&#039;\u00e0 7 personnes (bateau pneumatique de 7 m\u00e8tres Topline Gris\/Noir)\" \/>\n<meta property=\"og:description\" content=\"Nous venons vous chercher au port principal de Folegandros (Karavostasis). Notre premi\u00e8re visite sera sur la c\u00f4te d&rsquo;Agios Georgios, une [&hellip;]\" \/>\n<meta property=\"og:url\" content=\"https:\/\/bloomarine.gr\/fr\/product\/5-hour-boat-cruise-around-folegandros-island-up-to-7-people-7-meter-rib-boat-topline-grey-black\/\" \/>\n<meta property=\"og:site_name\" content=\"Bloomarine\" \/>\n<meta property=\"article:modified_time\" content=\"2024-04-22T15:37:05+00:00\" \/>\n<meta property=\"og:image\" content=\"https:\/\/bloomarine.gr\/wp-content\/uploads\/2024\/03\/IMG_20200715_133946-5.jpg\" \/>\n\t<meta property=\"og:image:width\" content=\"1844\" \/>\n\t<meta property=\"og:image:height\" content=\"2241\" \/>\n\t<meta property=\"og:image:type\" content=\"image\/jpeg\" \/>\n<meta name=\"twitter:card\" content=\"summary_large_image\" \/>\n<meta name=\"twitter:label1\" content=\"Prix\" \/>\n\t<meta name=\"twitter:data1\" content=\"0,00&nbsp;&euro;\" \/>\n\t<meta name=\"twitter:label2\" content=\"Disponibilit\u00e9\" \/>\n\t<meta name=\"twitter:data2\" content=\"En stock\" \/>\n<script type=\"application\/ld+json\" class=\"yoast-schema-graph\">{\"@context\":\"https:\/\/schema.org\",\"@graph\":[{\"@type\":[\"WebPage\",\"ItemPage\"],\"@id\":\"https:\/\/bloomarine.gr\/fr\/product\/5-hour-boat-cruise-around-folegandros-island-up-to-7-people-7-meter-rib-boat-topline-grey-black\/\",\"url\":\"https:\/\/bloomarine.gr\/fr\/product\/5-hour-boat-cruise-around-folegandros-island-up-to-7-people-7-meter-rib-boat-topline-grey-black\/\",\"name\":\"Croisi\u00e8re en bateau de 5 heures autour de l'\u00eele de Folegandros jusqu'\u00e0 7 personnes (bateau pneumatique de 7 m\u00e8tres Topline Gris\/Noir) - Bloomarine\",\"isPartOf\":{\"@id\":\"https:\/\/bloomarine.gr\/fr\/#website\"},\"primaryImageOfPage\":{\"@id\":\"https:\/\/bloomarine.gr\/fr\/product\/5-hour-boat-cruise-around-folegandros-island-up-to-7-people-7-meter-rib-boat-topline-grey-black\/#primaryimage\"},\"image\":{\"@id\":\"https:\/\/bloomarine.gr\/fr\/product\/5-hour-boat-cruise-around-folegandros-island-up-to-7-people-7-meter-rib-boat-topline-grey-black\/#primaryimage\"},\"thumbnailUrl\":\"https:\/\/bloomarine.gr\/wp-content\/uploads\/2024\/03\/IMG_20200715_133946-5.jpg\",\"datePublished\":\"2024-04-03T07:22:32+00:00\",\"dateModified\":\"2024-04-22T15:37:05+00:00\",\"breadcrumb\":{\"@id\":\"https:\/\/bloomarine.gr\/fr\/product\/5-hour-boat-cruise-around-folegandros-island-up-to-7-people-7-meter-rib-boat-topline-grey-black\/#breadcrumb\"},\"inLanguage\":\"fr-FR\",\"potentialAction\":[{\"@type\":\"ReadAction\",\"target\":[\"https:\/\/bloomarine.gr\/fr\/product\/5-hour-boat-cruise-around-folegandros-island-up-to-7-people-7-meter-rib-boat-topline-grey-black\/\"]}]},{\"@type\":\"ImageObject\",\"inLanguage\":\"fr-FR\",\"@id\":\"https:\/\/bloomarine.gr\/fr\/product\/5-hour-boat-cruise-around-folegandros-island-up-to-7-people-7-meter-rib-boat-topline-grey-black\/#primaryimage\",\"url\":\"https:\/\/bloomarine.gr\/wp-content\/uploads\/2024\/03\/IMG_20200715_133946-5.jpg\",\"contentUrl\":\"https:\/\/bloomarine.gr\/wp-content\/uploads\/2024\/03\/IMG_20200715_133946-5.jpg\",\"width\":1844,\"height\":2241,\"caption\":\"Sifnos boat rentals - Sifnos boat tours - Sifnos Island Cruises\"},{\"@type\":\"BreadcrumbList\",\"@id\":\"https:\/\/bloomarine.gr\/fr\/product\/5-hour-boat-cruise-around-folegandros-island-up-to-7-people-7-meter-rib-boat-topline-grey-black\/#breadcrumb\",\"itemListElement\":[{\"@type\":\"ListItem\",\"position\":1,\"name\":\"Home\",\"item\":\"https:\/\/bloomarine.gr\/fr\/\"},{\"@type\":\"ListItem\",\"position\":2,\"name\":\"Produits\"},{\"@type\":\"ListItem\",\"position\":3,\"name\":\"Croisi\u00e8re en bateau de 5 heures autour de l&rsquo;\u00eele de Folegandros jusqu&rsquo;\u00e0 7 personnes (bateau pneumatique de 7 m\u00e8tres Topline Gris\/Noir)\"}]},{\"@type\":\"WebSite\",\"@id\":\"https:\/\/bloomarine.gr\/fr\/#website\",\"url\":\"https:\/\/bloomarine.gr\/fr\/\",\"name\":\"Bloomarine\",\"description\":\"Sifnos Boat Rentals Sifnos Cruises Boat Tours\",\"publisher\":{\"@id\":\"https:\/\/bloomarine.gr\/fr\/#organization\"},\"potentialAction\":[{\"@type\":\"SearchAction\",\"target\":{\"@type\":\"EntryPoint\",\"urlTemplate\":\"https:\/\/bloomarine.gr\/fr\/?s={search_term_string}\"},\"query-input\":{\"@type\":\"PropertyValueSpecification\",\"valueRequired\":true,\"valueName\":\"search_term_string\"}}],\"inLanguage\":\"fr-FR\"},{\"@type\":\"Organization\",\"@id\":\"https:\/\/bloomarine.gr\/fr\/#organization\",\"name\":\"Bloomarine\",\"url\":\"https:\/\/bloomarine.gr\/fr\/\",\"logo\":{\"@type\":\"ImageObject\",\"inLanguage\":\"fr-FR\",\"@id\":\"https:\/\/bloomarine.gr\/fr\/#\/schema\/logo\/image\/\",\"url\":\"https:\/\/bloomarine.gr\/wp-content\/uploads\/2024\/01\/logo-bloomarine-2.png\",\"contentUrl\":\"https:\/\/bloomarine.gr\/wp-content\/uploads\/2024\/01\/logo-bloomarine-2.png\",\"width\":230,\"height\":200,\"caption\":\"Bloomarine\"},\"image\":{\"@id\":\"https:\/\/bloomarine.gr\/fr\/#\/schema\/logo\/image\/\"}}]}<\/script>\n<meta property=\"product:price:amount\" content=\"0.00\" \/>\n<meta property=\"product:price:currency\" content=\"EUR\" \/>\n<meta property=\"og:availability\" content=\"instock\" \/>\n<meta property=\"product:availability\" content=\"instock\" \/>\n<meta property=\"product:condition\" content=\"new\" \/>\n<!-- \/ Yoast SEO Premium plugin. -->","yoast_head_json":{"title":"Croisi\u00e8re en bateau de 5 heures autour de l'\u00eele de Folegandros jusqu'\u00e0 7 personnes (bateau pneumatique de 7 m\u00e8tres Topline Gris\/Noir) - Bloomarine","robots":{"index":"index","follow":"follow","max-snippet":"max-snippet:-1","max-image-preview":"max-image-preview:large","max-video-preview":"max-video-preview:-1"},"canonical":"https:\/\/bloomarine.gr\/fr\/product\/5-hour-boat-cruise-around-folegandros-island-up-to-7-people-7-meter-rib-boat-topline-grey-black\/","og_locale":"fr_FR","og_type":"article","og_title":"Croisi\u00e8re en bateau de 5 heures autour de l'\u00eele de Folegandros jusqu'\u00e0 7 personnes (bateau pneumatique de 7 m\u00e8tres Topline Gris\/Noir)","og_description":"Nous venons vous chercher au port principal de Folegandros (Karavostasis). Notre premi\u00e8re visite sera sur la c\u00f4te d&rsquo;Agios Georgios, une [&hellip;]","og_url":"https:\/\/bloomarine.gr\/fr\/product\/5-hour-boat-cruise-around-folegandros-island-up-to-7-people-7-meter-rib-boat-topline-grey-black\/","og_site_name":"Bloomarine","article_modified_time":"2024-04-22T15:37:05+00:00","og_image":[{"width":1844,"height":2241,"url":"https:\/\/bloomarine.gr\/wp-content\/uploads\/2024\/03\/IMG_20200715_133946-5.jpg","type":"image\/jpeg"}],"twitter_card":"summary_large_image","twitter_misc":{"Prix":"0,00&nbsp;&euro;","Disponibilit\u00e9":"En stock"},"schema":{"@context":"https:\/\/schema.org","@graph":[{"@type":["WebPage","ItemPage"],"@id":"https:\/\/bloomarine.gr\/fr\/product\/5-hour-boat-cruise-around-folegandros-island-up-to-7-people-7-meter-rib-boat-topline-grey-black\/","url":"https:\/\/bloomarine.gr\/fr\/product\/5-hour-boat-cruise-around-folegandros-island-up-to-7-people-7-meter-rib-boat-topline-grey-black\/","name":"Croisi\u00e8re en bateau de 5 heures autour de l'\u00eele de Folegandros jusqu'\u00e0 7 personnes (bateau pneumatique de 7 m\u00e8tres Topline Gris\/Noir) - Bloomarine","isPartOf":{"@id":"https:\/\/bloomarine.gr\/fr\/#website"},"primaryImageOfPage":{"@id":"https:\/\/bloomarine.gr\/fr\/product\/5-hour-boat-cruise-around-folegandros-island-up-to-7-people-7-meter-rib-boat-topline-grey-black\/#primaryimage"},"image":{"@id":"https:\/\/bloomarine.gr\/fr\/product\/5-hour-boat-cruise-around-folegandros-island-up-to-7-people-7-meter-rib-boat-topline-grey-black\/#primaryimage"},"thumbnailUrl":"https:\/\/bloomarine.gr\/wp-content\/uploads\/2024\/03\/IMG_20200715_133946-5.jpg","datePublished":"2024-04-03T07:22:32+00:00","dateModified":"2024-04-22T15:37:05+00:00","breadcrumb":{"@id":"https:\/\/bloomarine.gr\/fr\/product\/5-hour-boat-cruise-around-folegandros-island-up-to-7-people-7-meter-rib-boat-topline-grey-black\/#breadcrumb"},"inLanguage":"fr-FR","potentialAction":[{"@type":"ReadAction","target":["https:\/\/bloomarine.gr\/fr\/product\/5-hour-boat-cruise-around-folegandros-island-up-to-7-people-7-meter-rib-boat-topline-grey-black\/"]}]},{"@type":"ImageObject","inLanguage":"fr-FR","@id":"https:\/\/bloomarine.gr\/fr\/product\/5-hour-boat-cruise-around-folegandros-island-up-to-7-people-7-meter-rib-boat-topline-grey-black\/#primaryimage","url":"https:\/\/bloomarine.gr\/wp-content\/uploads\/2024\/03\/IMG_20200715_133946-5.jpg","contentUrl":"https:\/\/bloomarine.gr\/wp-content\/uploads\/2024\/03\/IMG_20200715_133946-5.jpg","width":1844,"height":2241,"caption":"Sifnos boat rentals - Sifnos boat tours - Sifnos Island Cruises"},{"@type":"BreadcrumbList","@id":"https:\/\/bloomarine.gr\/fr\/product\/5-hour-boat-cruise-around-folegandros-island-up-to-7-people-7-meter-rib-boat-topline-grey-black\/#breadcrumb","itemListElement":[{"@type":"ListItem","position":1,"name":"Home","item":"https:\/\/bloomarine.gr\/fr\/"},{"@type":"ListItem","position":2,"name":"Produits"},{"@type":"ListItem","position":3,"name":"Croisi\u00e8re en bateau de 5 heures autour de l&rsquo;\u00eele de Folegandros jusqu&rsquo;\u00e0 7 personnes (bateau pneumatique de 7 m\u00e8tres Topline Gris\/Noir)"}]},{"@type":"WebSite","@id":"https:\/\/bloomarine.gr\/fr\/#website","url":"https:\/\/bloomarine.gr\/fr\/","name":"Bloomarine","description":"Sifnos Boat Rentals Sifnos Cruises Boat Tours","publisher":{"@id":"https:\/\/bloomarine.gr\/fr\/#organization"},"potentialAction":[{"@type":"SearchAction","target":{"@type":"EntryPoint","urlTemplate":"https:\/\/bloomarine.gr\/fr\/?s={search_term_string}"},"query-input":{"@type":"PropertyValueSpecification","valueRequired":true,"valueName":"search_term_string"}}],"inLanguage":"fr-FR"},{"@type":"Organization","@id":"https:\/\/bloomarine.gr\/fr\/#organization","name":"Bloomarine","url":"https:\/\/bloomarine.gr\/fr\/","logo":{"@type":"ImageObject","inLanguage":"fr-FR","@id":"https:\/\/bloomarine.gr\/fr\/#\/schema\/logo\/image\/","url":"https:\/\/bloomarine.gr\/wp-content\/uploads\/2024\/01\/logo-bloomarine-2.png","contentUrl":"https:\/\/bloomarine.gr\/wp-content\/uploads\/2024\/01\/logo-bloomarine-2.png","width":230,"height":200,"caption":"Bloomarine"},"image":{"@id":"https:\/\/bloomarine.gr\/fr\/#\/schema\/logo\/image\/"}}]},"product_price_amount":"0.00","product_price_currency":"EUR","og_availability":"instock","product_availability":"instock","product_condition":"new"},"_links":{"self":[{"href":"https:\/\/bloomarine.gr\/fr\/wp-json\/wp\/v2\/product\/3754","targetHints":{"allow":["GET"]}}],"collection":[{"href":"https:\/\/bloomarine.gr\/fr\/wp-json\/wp\/v2\/product"}],"about":[{"href":"https:\/\/bloomarine.gr\/fr\/wp-json\/wp\/v2\/types\/product"}],"wp:featuredmedia":[{"embeddable":true,"href":"https:\/\/bloomarine.gr\/fr\/wp-json\/wp\/v2\/media\/2669"}],"wp:attachment":[{"href":"https:\/\/bloomarine.gr\/fr\/wp-json\/wp\/v2\/media?parent=3754"}],"wp:term":[{"taxonomy":"product_brand","embeddable":true,"href":"https:\/\/bloomarine.gr\/fr\/wp-json\/wp\/v2\/product_brand?post=3754"},{"taxonomy":"product_cat","embeddable":true,"href":"https:\/\/bloomarine.gr\/fr\/wp-json\/wp\/v2\/product_cat?post=3754"},{"taxonomy":"product_tag","embeddable":true,"href":"https:\/\/bloomarine.gr\/fr\/wp-json\/wp\/v2\/product_tag?post=3754"}],"curies":[{"name":"wp","href":"https:\/\/api.w.org\/{rel}","templated":true}]}}