{"id":3756,"date":"2024-04-03T10:19:04","date_gmt":"2024-04-03T07:19:04","guid":{"rendered":"https:\/\/bloomarine.gr\/product\/8-hours-boat-cruise-folegandros-to-polyaigos-and-kimolos-island-up-to-9-people-10-meter-rib-boat-marvel-black\/"},"modified":"2024-04-22T18:37:06","modified_gmt":"2024-04-22T15:37:06","slug":"8-hours-boat-cruise-folegandros-to-polyaigos-and-kimolos-island-up-to-9-people-10-meter-rib-boat-marvel-black","status":"publish","type":"product","link":"https:\/\/bloomarine.gr\/fr\/product\/8-hours-boat-cruise-folegandros-to-polyaigos-and-kimolos-island-up-to-9-people-10-meter-rib-boat-marvel-black\/","title":{"rendered":"Croisi\u00e8re en bateau de 8 heures &#8211; de Folegandros \u00e0 Polyaigos et \u00e0 l&rsquo;\u00eele de Kimolos jusqu&rsquo;\u00e0 9 personnes (bateau pneumatique de 10 m\u00e8tres Marvel Noir)"},"content":{"rendered":"<p>Poliaigos, la plus grande \u00eele inhabit\u00e9e des Cyclades, est pour nous un paradis sur terre, et vous allez voir pourquoi.<\/p>\n<p>Partant du port de Folegandros et se dirigeant vers le sud-ouest, nous entrons dans le d\u00e9troit entre Folegandros et Poliaigos.<\/p>\n<p>Nous suivons un cap au sud et tr\u00e8s vite nous sommes dans la crique du phare de Polyaigos sur une petite plage magnifique o\u00f9 vous pourrez nager dans ses eaux bleu ciel. N\u2019oubliez pas de prendre une photo du c\u00e9l\u00e8bre phare de Polyaigos, construit \u00e0 130 m\u00e8tres au-dessus du niveau de la mer. De l\u00e0, nous repartons et nous dirigeons vers l\u2019ouest jusqu&rsquo;\u00e0 la crique Kalogeri. Ici, nous ferons une halte pour admirer les eaux bleu aqua avec le sable blanc. Continuant, nous visiterons l&rsquo;incroyable lagon bleu et Mirsini aux eaux turquoise.<\/p>\n<p>Enfin, apr\u00e8s avoir termin\u00e9 le tour de l&rsquo;\u00eele, nous commen\u00e7ons \u00e0 retourner au port de Folegandros.<\/p>\n","protected":false},"excerpt":{"rendered":"<p>Poliaigos, la plus grande \u00eele inhabit\u00e9e des Cyclades, est pour nous un paradis sur terre, et vous allez voir pourquoi. [&hellip;]<\/p>\n","protected":false},"featured_media":2809,"template":"","meta":{"_acf_changed":false,"site-sidebar-layout":"default","site-content-layout":"","ast-site-content-layout":"default","site-content-style":"default","site-sidebar-style":"default","ast-global-header-display":"","ast-banner-title-visibility":"","ast-main-header-display":"","ast-hfb-above-header-display":"","ast-hfb-below-header-display":"","ast-hfb-mobile-header-display":"","site-post-title":"","ast-breadcrumbs-content":"","ast-featured-img":"","footer-sml-layout":"","theme-transparent-header-meta":"default","adv-header-id-meta":"","stick-header-meta":"","header-above-stick-meta":"","header-main-stick-meta":"","header-below-stick-meta":"","astra-migrate-meta-layouts":"default","ast-page-background-enabled":"default","ast-page-background-meta":{"desktop":{"background-color":"var(--ast-global-color-4)","background-image":"","background-repeat":"repeat","background-position":"center center","background-size":"auto","background-attachment":"scroll","background-type":"","background-media":"","overlay-type":"","overlay-color":"","overlay-opacity":"","overlay-gradient":""},"tablet":{"background-color":"","background-image":"","background-repeat":"repeat","background-position":"center center","background-size":"auto","background-attachment":"scroll","background-type":"","background-media":"","overlay-type":"","overlay-color":"","overlay-opacity":"","overlay-gradient":""},"mobile":{"background-color":"","background-image":"","background-repeat":"repeat","background-position":"center center","background-size":"auto","background-attachment":"scroll","background-type":"","background-media":"","overlay-type":"","overlay-color":"","overlay-opacity":"","overlay-gradient":""}},"ast-content-background-meta":{"desktop":{"background-color":"var(--ast-global-color-5)","background-image":"","background-repeat":"repeat","background-position":"center center","background-size":"auto","background-attachment":"scroll","background-type":"","background-media":"","overlay-type":"","overlay-color":"","overlay-opacity":"","overlay-gradient":""},"tablet":{"background-color":"var(--ast-global-color-5)","background-image":"","background-repeat":"repeat","background-position":"center center","background-size":"auto","background-attachment":"scroll","background-type":"","background-media":"","overlay-type":"","overlay-color":"","overlay-opacity":"","overlay-gradient":""},"mobile":{"background-color":"var(--ast-global-color-5)","background-image":"","background-repeat":"repeat","background-position":"center center","background-size":"auto","background-attachment":"scroll","background-type":"","background-media":"","overlay-type":"","overlay-color":"","overlay-opacity":"","overlay-gradient":""}}},"product_brand":[],"product_cat":[109],"product_tag":[],"class_list":{"0":"post-3756","1":"product","2":"type-product","3":"status-publish","4":"has-post-thumbnail","6":"product_cat-croisiere-de-8-heures-autour-de-lile-de-poliaigos-et-kimolos","7":"desktop-align-left","8":"tablet-align-left","9":"mobile-align-left","10":"ast-product-gallery-layout-horizontal-slider","11":"ast-product-gallery-with-no-image","12":"ast-product-tabs-layout-horizontal","14":"first","15":"instock","16":"taxable","17":"shipping-taxable","18":"purchasable","19":"product-type-simple"},"acf":[],"yoast_head":"<!-- This site is optimized with the Yoast SEO Premium plugin v24.9 (Yoast SEO v24.9) - https:\/\/yoast.com\/wordpress\/plugins\/seo\/ -->\n<title>Croisi\u00e8re en bateau de 8 heures - de Folegandros \u00e0 Polyaigos et \u00e0 l&#039;\u00eele de Kimolos jusqu&#039;\u00e0 9 personnes (bateau pneumatique de 10 m\u00e8tres Marvel Noir) - Bloomarine<\/title>\n<meta name=\"robots\" content=\"index, follow, max-snippet:-1, max-image-preview:large, max-video-preview:-1\" \/>\n<link rel=\"canonical\" href=\"https:\/\/bloomarine.gr\/fr\/product\/8-hours-boat-cruise-folegandros-to-polyaigos-and-kimolos-island-up-to-9-people-10-meter-rib-boat-marvel-black\/\" \/>\n<meta property=\"og:locale\" content=\"fr_FR\" \/>\n<meta property=\"og:type\" content=\"article\" \/>\n<meta property=\"og:title\" content=\"Croisi\u00e8re en bateau de 8 heures - de Folegandros \u00e0 Polyaigos et \u00e0 l&#039;\u00eele de Kimolos jusqu&#039;\u00e0 9 personnes (bateau pneumatique de 10 m\u00e8tres Marvel Noir)\" \/>\n<meta property=\"og:description\" content=\"Poliaigos, la plus grande \u00eele inhabit\u00e9e des Cyclades, est pour nous un paradis sur terre, et vous allez voir pourquoi. [&hellip;]\" \/>\n<meta property=\"og:url\" content=\"https:\/\/bloomarine.gr\/fr\/product\/8-hours-boat-cruise-folegandros-to-polyaigos-and-kimolos-island-up-to-9-people-10-meter-rib-boat-marvel-black\/\" \/>\n<meta property=\"og:site_name\" content=\"Bloomarine\" \/>\n<meta property=\"article:modified_time\" content=\"2024-04-22T15:37:06+00:00\" \/>\n<meta property=\"og:image\" content=\"https:\/\/bloomarine.gr\/wp-content\/uploads\/2024\/04\/speed-boat-cruise-to-exotic-koufonisia-cyclades-2.jpg\" \/>\n\t<meta property=\"og:image:width\" content=\"1000\" \/>\n\t<meta property=\"og:image:height\" content=\"642\" \/>\n\t<meta property=\"og:image:type\" content=\"image\/jpeg\" \/>\n<meta name=\"twitter:card\" content=\"summary_large_image\" \/>\n<meta name=\"twitter:label1\" content=\"Prix\" \/>\n\t<meta name=\"twitter:data1\" content=\"0,00&nbsp;&euro;\" \/>\n\t<meta name=\"twitter:label2\" content=\"Disponibilit\u00e9\" \/>\n\t<meta name=\"twitter:data2\" content=\"En stock\" \/>\n<script type=\"application\/ld+json\" class=\"yoast-schema-graph\">{\"@context\":\"https:\/\/schema.org\",\"@graph\":[{\"@type\":[\"WebPage\",\"ItemPage\"],\"@id\":\"https:\/\/bloomarine.gr\/fr\/product\/8-hours-boat-cruise-folegandros-to-polyaigos-and-kimolos-island-up-to-9-people-10-meter-rib-boat-marvel-black\/\",\"url\":\"https:\/\/bloomarine.gr\/fr\/product\/8-hours-boat-cruise-folegandros-to-polyaigos-and-kimolos-island-up-to-9-people-10-meter-rib-boat-marvel-black\/\",\"name\":\"Croisi\u00e8re en bateau de 8 heures - de Folegandros \u00e0 Polyaigos et \u00e0 l'\u00eele de Kimolos jusqu'\u00e0 9 personnes (bateau pneumatique de 10 m\u00e8tres Marvel Noir) - Bloomarine\",\"isPartOf\":{\"@id\":\"https:\/\/bloomarine.gr\/fr\/#website\"},\"primaryImageOfPage\":{\"@id\":\"https:\/\/bloomarine.gr\/fr\/product\/8-hours-boat-cruise-folegandros-to-polyaigos-and-kimolos-island-up-to-9-people-10-meter-rib-boat-marvel-black\/#primaryimage\"},\"image\":{\"@id\":\"https:\/\/bloomarine.gr\/fr\/product\/8-hours-boat-cruise-folegandros-to-polyaigos-and-kimolos-island-up-to-9-people-10-meter-rib-boat-marvel-black\/#primaryimage\"},\"thumbnailUrl\":\"https:\/\/bloomarine.gr\/wp-content\/uploads\/2024\/04\/speed-boat-cruise-to-exotic-koufonisia-cyclades-2.jpg\",\"datePublished\":\"2024-04-03T07:19:04+00:00\",\"dateModified\":\"2024-04-22T15:37:06+00:00\",\"breadcrumb\":{\"@id\":\"https:\/\/bloomarine.gr\/fr\/product\/8-hours-boat-cruise-folegandros-to-polyaigos-and-kimolos-island-up-to-9-people-10-meter-rib-boat-marvel-black\/#breadcrumb\"},\"inLanguage\":\"fr-FR\",\"potentialAction\":[{\"@type\":\"ReadAction\",\"target\":[\"https:\/\/bloomarine.gr\/fr\/product\/8-hours-boat-cruise-folegandros-to-polyaigos-and-kimolos-island-up-to-9-people-10-meter-rib-boat-marvel-black\/\"]}]},{\"@type\":\"ImageObject\",\"inLanguage\":\"fr-FR\",\"@id\":\"https:\/\/bloomarine.gr\/fr\/product\/8-hours-boat-cruise-folegandros-to-polyaigos-and-kimolos-island-up-to-9-people-10-meter-rib-boat-marvel-black\/#primaryimage\",\"url\":\"https:\/\/bloomarine.gr\/wp-content\/uploads\/2024\/04\/speed-boat-cruise-to-exotic-koufonisia-cyclades-2.jpg\",\"contentUrl\":\"https:\/\/bloomarine.gr\/wp-content\/uploads\/2024\/04\/speed-boat-cruise-to-exotic-koufonisia-cyclades-2.jpg\",\"width\":1000,\"height\":642,\"caption\":\"Sifnos boat rentals - Sifnos boat tours - Sifnos Island Cruises\"},{\"@type\":\"BreadcrumbList\",\"@id\":\"https:\/\/bloomarine.gr\/fr\/product\/8-hours-boat-cruise-folegandros-to-polyaigos-and-kimolos-island-up-to-9-people-10-meter-rib-boat-marvel-black\/#breadcrumb\",\"itemListElement\":[{\"@type\":\"ListItem\",\"position\":1,\"name\":\"Home\",\"item\":\"https:\/\/bloomarine.gr\/fr\/\"},{\"@type\":\"ListItem\",\"position\":2,\"name\":\"Produits\"},{\"@type\":\"ListItem\",\"position\":3,\"name\":\"Croisi\u00e8re en bateau de 8 heures &#8211; de Folegandros \u00e0 Polyaigos et \u00e0 l&#8217;\u00eele de Kimolos jusqu&#8217;\u00e0 9 personnes (bateau pneumatique de 10 m\u00e8tres Marvel Noir)\"}]},{\"@type\":\"WebSite\",\"@id\":\"https:\/\/bloomarine.gr\/fr\/#website\",\"url\":\"https:\/\/bloomarine.gr\/fr\/\",\"name\":\"Bloomarine\",\"description\":\"Sifnos Boat Rentals Sifnos Cruises Boat Tours\",\"publisher\":{\"@id\":\"https:\/\/bloomarine.gr\/fr\/#organization\"},\"potentialAction\":[{\"@type\":\"SearchAction\",\"target\":{\"@type\":\"EntryPoint\",\"urlTemplate\":\"https:\/\/bloomarine.gr\/fr\/?s={search_term_string}\"},\"query-input\":{\"@type\":\"PropertyValueSpecification\",\"valueRequired\":true,\"valueName\":\"search_term_string\"}}],\"inLanguage\":\"fr-FR\"},{\"@type\":\"Organization\",\"@id\":\"https:\/\/bloomarine.gr\/fr\/#organization\",\"name\":\"Bloomarine\",\"url\":\"https:\/\/bloomarine.gr\/fr\/\",\"logo\":{\"@type\":\"ImageObject\",\"inLanguage\":\"fr-FR\",\"@id\":\"https:\/\/bloomarine.gr\/fr\/#\/schema\/logo\/image\/\",\"url\":\"https:\/\/bloomarine.gr\/wp-content\/uploads\/2024\/01\/logo-bloomarine-2.png\",\"contentUrl\":\"https:\/\/bloomarine.gr\/wp-content\/uploads\/2024\/01\/logo-bloomarine-2.png\",\"width\":230,\"height\":200,\"caption\":\"Bloomarine\"},\"image\":{\"@id\":\"https:\/\/bloomarine.gr\/fr\/#\/schema\/logo\/image\/\"}}]}<\/script>\n<meta property=\"product:price:amount\" content=\"0.00\" \/>\n<meta property=\"product:price:currency\" content=\"EUR\" \/>\n<meta property=\"og:availability\" content=\"instock\" \/>\n<meta property=\"product:availability\" content=\"instock\" \/>\n<meta property=\"product:condition\" content=\"new\" \/>\n<!-- \/ Yoast SEO Premium plugin. -->","yoast_head_json":{"title":"Croisi\u00e8re en bateau de 8 heures - de Folegandros \u00e0 Polyaigos et \u00e0 l'\u00eele de Kimolos jusqu'\u00e0 9 personnes (bateau pneumatique de 10 m\u00e8tres Marvel Noir) - Bloomarine","robots":{"index":"index","follow":"follow","max-snippet":"max-snippet:-1","max-image-preview":"max-image-preview:large","max-video-preview":"max-video-preview:-1"},"canonical":"https:\/\/bloomarine.gr\/fr\/product\/8-hours-boat-cruise-folegandros-to-polyaigos-and-kimolos-island-up-to-9-people-10-meter-rib-boat-marvel-black\/","og_locale":"fr_FR","og_type":"article","og_title":"Croisi\u00e8re en bateau de 8 heures - de Folegandros \u00e0 Polyaigos et \u00e0 l'\u00eele de Kimolos jusqu'\u00e0 9 personnes (bateau pneumatique de 10 m\u00e8tres Marvel Noir)","og_description":"Poliaigos, la plus grande \u00eele inhabit\u00e9e des Cyclades, est pour nous un paradis sur terre, et vous allez voir pourquoi. [&hellip;]","og_url":"https:\/\/bloomarine.gr\/fr\/product\/8-hours-boat-cruise-folegandros-to-polyaigos-and-kimolos-island-up-to-9-people-10-meter-rib-boat-marvel-black\/","og_site_name":"Bloomarine","article_modified_time":"2024-04-22T15:37:06+00:00","og_image":[{"width":1000,"height":642,"url":"https:\/\/bloomarine.gr\/wp-content\/uploads\/2024\/04\/speed-boat-cruise-to-exotic-koufonisia-cyclades-2.jpg","type":"image\/jpeg"}],"twitter_card":"summary_large_image","twitter_misc":{"Prix":"0,00&nbsp;&euro;","Disponibilit\u00e9":"En stock"},"schema":{"@context":"https:\/\/schema.org","@graph":[{"@type":["WebPage","ItemPage"],"@id":"https:\/\/bloomarine.gr\/fr\/product\/8-hours-boat-cruise-folegandros-to-polyaigos-and-kimolos-island-up-to-9-people-10-meter-rib-boat-marvel-black\/","url":"https:\/\/bloomarine.gr\/fr\/product\/8-hours-boat-cruise-folegandros-to-polyaigos-and-kimolos-island-up-to-9-people-10-meter-rib-boat-marvel-black\/","name":"Croisi\u00e8re en bateau de 8 heures - de Folegandros \u00e0 Polyaigos et \u00e0 l'\u00eele de Kimolos jusqu'\u00e0 9 personnes (bateau pneumatique de 10 m\u00e8tres Marvel Noir) - Bloomarine","isPartOf":{"@id":"https:\/\/bloomarine.gr\/fr\/#website"},"primaryImageOfPage":{"@id":"https:\/\/bloomarine.gr\/fr\/product\/8-hours-boat-cruise-folegandros-to-polyaigos-and-kimolos-island-up-to-9-people-10-meter-rib-boat-marvel-black\/#primaryimage"},"image":{"@id":"https:\/\/bloomarine.gr\/fr\/product\/8-hours-boat-cruise-folegandros-to-polyaigos-and-kimolos-island-up-to-9-people-10-meter-rib-boat-marvel-black\/#primaryimage"},"thumbnailUrl":"https:\/\/bloomarine.gr\/wp-content\/uploads\/2024\/04\/speed-boat-cruise-to-exotic-koufonisia-cyclades-2.jpg","datePublished":"2024-04-03T07:19:04+00:00","dateModified":"2024-04-22T15:37:06+00:00","breadcrumb":{"@id":"https:\/\/bloomarine.gr\/fr\/product\/8-hours-boat-cruise-folegandros-to-polyaigos-and-kimolos-island-up-to-9-people-10-meter-rib-boat-marvel-black\/#breadcrumb"},"inLanguage":"fr-FR","potentialAction":[{"@type":"ReadAction","target":["https:\/\/bloomarine.gr\/fr\/product\/8-hours-boat-cruise-folegandros-to-polyaigos-and-kimolos-island-up-to-9-people-10-meter-rib-boat-marvel-black\/"]}]},{"@type":"ImageObject","inLanguage":"fr-FR","@id":"https:\/\/bloomarine.gr\/fr\/product\/8-hours-boat-cruise-folegandros-to-polyaigos-and-kimolos-island-up-to-9-people-10-meter-rib-boat-marvel-black\/#primaryimage","url":"https:\/\/bloomarine.gr\/wp-content\/uploads\/2024\/04\/speed-boat-cruise-to-exotic-koufonisia-cyclades-2.jpg","contentUrl":"https:\/\/bloomarine.gr\/wp-content\/uploads\/2024\/04\/speed-boat-cruise-to-exotic-koufonisia-cyclades-2.jpg","width":1000,"height":642,"caption":"Sifnos boat rentals - Sifnos boat tours - Sifnos Island Cruises"},{"@type":"BreadcrumbList","@id":"https:\/\/bloomarine.gr\/fr\/product\/8-hours-boat-cruise-folegandros-to-polyaigos-and-kimolos-island-up-to-9-people-10-meter-rib-boat-marvel-black\/#breadcrumb","itemListElement":[{"@type":"ListItem","position":1,"name":"Home","item":"https:\/\/bloomarine.gr\/fr\/"},{"@type":"ListItem","position":2,"name":"Produits"},{"@type":"ListItem","position":3,"name":"Croisi\u00e8re en bateau de 8 heures &#8211; de Folegandros \u00e0 Polyaigos et \u00e0 l&#8217;\u00eele de Kimolos jusqu&#8217;\u00e0 9 personnes (bateau pneumatique de 10 m\u00e8tres Marvel Noir)"}]},{"@type":"WebSite","@id":"https:\/\/bloomarine.gr\/fr\/#website","url":"https:\/\/bloomarine.gr\/fr\/","name":"Bloomarine","description":"Sifnos Boat Rentals Sifnos Cruises Boat Tours","publisher":{"@id":"https:\/\/bloomarine.gr\/fr\/#organization"},"potentialAction":[{"@type":"SearchAction","target":{"@type":"EntryPoint","urlTemplate":"https:\/\/bloomarine.gr\/fr\/?s={search_term_string}"},"query-input":{"@type":"PropertyValueSpecification","valueRequired":true,"valueName":"search_term_string"}}],"inLanguage":"fr-FR"},{"@type":"Organization","@id":"https:\/\/bloomarine.gr\/fr\/#organization","name":"Bloomarine","url":"https:\/\/bloomarine.gr\/fr\/","logo":{"@type":"ImageObject","inLanguage":"fr-FR","@id":"https:\/\/bloomarine.gr\/fr\/#\/schema\/logo\/image\/","url":"https:\/\/bloomarine.gr\/wp-content\/uploads\/2024\/01\/logo-bloomarine-2.png","contentUrl":"https:\/\/bloomarine.gr\/wp-content\/uploads\/2024\/01\/logo-bloomarine-2.png","width":230,"height":200,"caption":"Bloomarine"},"image":{"@id":"https:\/\/bloomarine.gr\/fr\/#\/schema\/logo\/image\/"}}]},"product_price_amount":"0.00","product_price_currency":"EUR","og_availability":"instock","product_availability":"instock","product_condition":"new"},"_links":{"self":[{"href":"https:\/\/bloomarine.gr\/fr\/wp-json\/wp\/v2\/product\/3756","targetHints":{"allow":["GET"]}}],"collection":[{"href":"https:\/\/bloomarine.gr\/fr\/wp-json\/wp\/v2\/product"}],"about":[{"href":"https:\/\/bloomarine.gr\/fr\/wp-json\/wp\/v2\/types\/product"}],"wp:featuredmedia":[{"embeddable":true,"href":"https:\/\/bloomarine.gr\/fr\/wp-json\/wp\/v2\/media\/2809"}],"wp:attachment":[{"href":"https:\/\/bloomarine.gr\/fr\/wp-json\/wp\/v2\/media?parent=3756"}],"wp:term":[{"taxonomy":"product_brand","embeddable":true,"href":"https:\/\/bloomarine.gr\/fr\/wp-json\/wp\/v2\/product_brand?post=3756"},{"taxonomy":"product_cat","embeddable":true,"href":"https:\/\/bloomarine.gr\/fr\/wp-json\/wp\/v2\/product_cat?post=3756"},{"taxonomy":"product_tag","embeddable":true,"href":"https:\/\/bloomarine.gr\/fr\/wp-json\/wp\/v2\/product_tag?post=3756"}],"curies":[{"name":"wp","href":"https:\/\/api.w.org\/{rel}","templated":true}]}}