{"id":3762,"date":"2024-03-24T19:03:40","date_gmt":"2024-03-24T17:03:40","guid":{"rendered":"https:\/\/bloomarine.gr\/product\/olympic-private-boat-5m-60hp-selva-full-day\/"},"modified":"2024-04-22T18:37:09","modified_gmt":"2024-04-22T15:37:09","slug":"olympic-private-boat-5m-60hp-selva-full-day","status":"publish","type":"product","link":"https:\/\/bloomarine.gr\/fr\/product\/olympic-private-boat-5m-60hp-selva-full-day\/","title":{"rendered":"Bateau priv\u00e9 Olympique 5m &#8211; 60hp Selva (Journ\u00e9e compl\u00e8te)"},"content":{"rendered":"<p>Ne n\u00e9cessite pas de permis haute vitesse. Nos navires sont rigoureusement test\u00e9s pour garantir votre voyage en toute s\u00e9curit\u00e9 et sont toujours en excellent \u00e9tat.<\/p>\n<p><strong>\u00c9quipements &#8211; Caract\u00e9ristiques des Navires :<\/strong><\/p>\n<ul>\n<li>auvent solaire<\/li>\n<li>console de direction<\/li>\n<li>glaci\u00e8re<\/li>\n<li>haut-parleurs de musique<\/li>\n<li>ne n\u00e9cessite pas de permis haute vitesse<\/li>\n<\/ul>\n","protected":false},"excerpt":{"rendered":"<p><strong><em>Full day duration is from 9:00 am to 8:00 pm<\/em><\/strong><\/p>\n<p>5 Persons Maximum<\/p>\n<p>No License Required<\/p>\n<p>Fuel Consumption<br \/>\nNOT INCLUDED IN PRICE<br \/>\nPrices do not include VAT ( 24% )<\/p>\n","protected":false},"featured_media":2689,"template":"","meta":{"_acf_changed":false,"site-sidebar-layout":"default","site-content-layout":"","ast-site-content-layout":"default","site-content-style":"default","site-sidebar-style":"default","ast-global-header-display":"","ast-banner-title-visibility":"","ast-main-header-display":"","ast-hfb-above-header-display":"","ast-hfb-below-header-display":"","ast-hfb-mobile-header-display":"","site-post-title":"","ast-breadcrumbs-content":"","ast-featured-img":"","footer-sml-layout":"","theme-transparent-header-meta":"default","adv-header-id-meta":"","stick-header-meta":"","header-above-stick-meta":"","header-main-stick-meta":"","header-below-stick-meta":"","astra-migrate-meta-layouts":"default","ast-page-background-enabled":"default","ast-page-background-meta":{"desktop":{"background-color":"var(--ast-global-color-4)","background-image":"","background-repeat":"repeat","background-position":"center center","background-size":"auto","background-attachment":"scroll","background-type":"","background-media":"","overlay-type":"","overlay-color":"","overlay-opacity":"","overlay-gradient":""},"tablet":{"background-color":"","background-image":"","background-repeat":"repeat","background-position":"center center","background-size":"auto","background-attachment":"scroll","background-type":"","background-media":"","overlay-type":"","overlay-color":"","overlay-opacity":"","overlay-gradient":""},"mobile":{"background-color":"","background-image":"","background-repeat":"repeat","background-position":"center center","background-size":"auto","background-attachment":"scroll","background-type":"","background-media":"","overlay-type":"","overlay-color":"","overlay-opacity":"","overlay-gradient":""}},"ast-content-background-meta":{"desktop":{"background-color":"var(--ast-global-color-5)","background-image":"","background-repeat":"repeat","background-position":"center center","background-size":"auto","background-attachment":"scroll","background-type":"","background-media":"","overlay-type":"","overlay-color":"","overlay-opacity":"","overlay-gradient":""},"tablet":{"background-color":"var(--ast-global-color-5)","background-image":"","background-repeat":"repeat","background-position":"center center","background-size":"auto","background-attachment":"scroll","background-type":"","background-media":"","overlay-type":"","overlay-color":"","overlay-opacity":"","overlay-gradient":""},"mobile":{"background-color":"var(--ast-global-color-5)","background-image":"","background-repeat":"repeat","background-position":"center center","background-size":"auto","background-attachment":"scroll","background-type":"","background-media":"","overlay-type":"","overlay-color":"","overlay-opacity":"","overlay-gradient":""}}},"product_brand":[],"product_cat":[77,71,123],"product_tag":[],"class_list":{"0":"post-3762","1":"product","2":"type-product","3":"status-publish","4":"has-post-thumbnail","6":"product_cat-journee-complete","7":"product_cat-location-de-bateau","8":"product_cat-olympic-5m-fr","9":"desktop-align-left","10":"tablet-align-left","11":"mobile-align-left","12":"ast-product-gallery-layout-horizontal-slider","13":"ast-product-tabs-layout-horizontal","15":"first","16":"instock","17":"taxable","18":"shipping-taxable","19":"purchasable","20":"product-type-simple"},"acf":[],"yoast_head":"<!-- This site is optimized with the Yoast SEO Premium plugin v24.9 (Yoast SEO v24.9) - https:\/\/yoast.com\/wordpress\/plugins\/seo\/ -->\n<title>Rent Olympic Private Boat 5m - 60hp Selva (Full Day)<\/title>\n<meta name=\"description\" content=\"Rent Bloomarine&#039;s Olympic Private Boat 5m - 60hp Selva in Sifnos, for a full day, with no speedboat license. Enjoy Greek Summer!\" \/>\n<meta name=\"robots\" content=\"index, follow, max-snippet:-1, max-image-preview:large, max-video-preview:-1\" \/>\n<link rel=\"canonical\" href=\"https:\/\/bloomarine.gr\/fr\/product\/olympic-private-boat-5m-60hp-selva-full-day\/\" \/>\n<meta property=\"og:locale\" content=\"fr_FR\" \/>\n<meta property=\"og:type\" content=\"article\" \/>\n<meta property=\"og:title\" content=\"Bateau priv\u00e9 Olympique 5m - 60hp Selva (Journ\u00e9e compl\u00e8te)\" \/>\n<meta property=\"og:description\" content=\"Rent Bloomarine&#039;s Olympic Private Boat 5m - 60hp Selva in Sifnos, for a full day, with no speedboat license. Enjoy Greek Summer!\" \/>\n<meta property=\"og:url\" content=\"https:\/\/bloomarine.gr\/fr\/product\/olympic-private-boat-5m-60hp-selva-full-day\/\" \/>\n<meta property=\"og:site_name\" content=\"Bloomarine\" \/>\n<meta property=\"article:modified_time\" content=\"2024-04-22T15:37:09+00:00\" \/>\n<meta property=\"og:image\" content=\"https:\/\/bloomarine.gr\/wp-content\/uploads\/2024\/03\/rentaboat7-scaled-1.jpg\" \/>\n\t<meta property=\"og:image:width\" content=\"2560\" \/>\n\t<meta property=\"og:image:height\" content=\"1706\" \/>\n\t<meta property=\"og:image:type\" content=\"image\/jpeg\" \/>\n<meta name=\"twitter:card\" content=\"summary_large_image\" \/>\n<meta name=\"twitter:label1\" content=\"Prix\" \/>\n\t<meta name=\"twitter:data1\" content=\"0,00&nbsp;&euro;\" \/>\n\t<meta name=\"twitter:label2\" content=\"Disponibilit\u00e9\" \/>\n\t<meta name=\"twitter:data2\" content=\"En stock\" \/>\n<script type=\"application\/ld+json\" class=\"yoast-schema-graph\">{\"@context\":\"https:\/\/schema.org\",\"@graph\":[{\"@type\":[\"WebPage\",\"ItemPage\"],\"@id\":\"https:\/\/bloomarine.gr\/fr\/product\/olympic-private-boat-5m-60hp-selva-full-day\/\",\"url\":\"https:\/\/bloomarine.gr\/fr\/product\/olympic-private-boat-5m-60hp-selva-full-day\/\",\"name\":\"Rent Olympic Private Boat 5m - 60hp Selva (Full Day)\",\"isPartOf\":{\"@id\":\"https:\/\/bloomarine.gr\/fr\/#website\"},\"primaryImageOfPage\":{\"@id\":\"https:\/\/bloomarine.gr\/fr\/product\/olympic-private-boat-5m-60hp-selva-full-day\/#primaryimage\"},\"image\":{\"@id\":\"https:\/\/bloomarine.gr\/fr\/product\/olympic-private-boat-5m-60hp-selva-full-day\/#primaryimage\"},\"thumbnailUrl\":\"https:\/\/bloomarine.gr\/wp-content\/uploads\/2024\/03\/rentaboat7-scaled-1.jpg\",\"datePublished\":\"2024-03-24T17:03:40+00:00\",\"dateModified\":\"2024-04-22T15:37:09+00:00\",\"description\":\"Rent Bloomarine's Olympic Private Boat 5m - 60hp Selva in Sifnos, for a full day, with no speedboat license. Enjoy Greek Summer!\",\"breadcrumb\":{\"@id\":\"https:\/\/bloomarine.gr\/fr\/product\/olympic-private-boat-5m-60hp-selva-full-day\/#breadcrumb\"},\"inLanguage\":\"fr-FR\",\"potentialAction\":[{\"@type\":\"ReadAction\",\"target\":[\"https:\/\/bloomarine.gr\/fr\/product\/olympic-private-boat-5m-60hp-selva-full-day\/\"]}]},{\"@type\":\"ImageObject\",\"inLanguage\":\"fr-FR\",\"@id\":\"https:\/\/bloomarine.gr\/fr\/product\/olympic-private-boat-5m-60hp-selva-full-day\/#primaryimage\",\"url\":\"https:\/\/bloomarine.gr\/wp-content\/uploads\/2024\/03\/rentaboat7-scaled-1.jpg\",\"contentUrl\":\"https:\/\/bloomarine.gr\/wp-content\/uploads\/2024\/03\/rentaboat7-scaled-1.jpg\",\"width\":2560,\"height\":1706,\"caption\":\"Sifnos boat rentals - Sifnos boat tours - Sifnos Island Cruises\"},{\"@type\":\"BreadcrumbList\",\"@id\":\"https:\/\/bloomarine.gr\/fr\/product\/olympic-private-boat-5m-60hp-selva-full-day\/#breadcrumb\",\"itemListElement\":[{\"@type\":\"ListItem\",\"position\":1,\"name\":\"Home\",\"item\":\"https:\/\/bloomarine.gr\/fr\/\"},{\"@type\":\"ListItem\",\"position\":2,\"name\":\"Produits\"},{\"@type\":\"ListItem\",\"position\":3,\"name\":\"Bateau priv\u00e9 Olympique 5m &#8211; 60hp Selva (Journ\u00e9e compl\u00e8te)\"}]},{\"@type\":\"WebSite\",\"@id\":\"https:\/\/bloomarine.gr\/fr\/#website\",\"url\":\"https:\/\/bloomarine.gr\/fr\/\",\"name\":\"Bloomarine\",\"description\":\"Sifnos Boat Rentals Sifnos Cruises Boat Tours\",\"publisher\":{\"@id\":\"https:\/\/bloomarine.gr\/fr\/#organization\"},\"potentialAction\":[{\"@type\":\"SearchAction\",\"target\":{\"@type\":\"EntryPoint\",\"urlTemplate\":\"https:\/\/bloomarine.gr\/fr\/?s={search_term_string}\"},\"query-input\":{\"@type\":\"PropertyValueSpecification\",\"valueRequired\":true,\"valueName\":\"search_term_string\"}}],\"inLanguage\":\"fr-FR\"},{\"@type\":\"Organization\",\"@id\":\"https:\/\/bloomarine.gr\/fr\/#organization\",\"name\":\"Bloomarine\",\"url\":\"https:\/\/bloomarine.gr\/fr\/\",\"logo\":{\"@type\":\"ImageObject\",\"inLanguage\":\"fr-FR\",\"@id\":\"https:\/\/bloomarine.gr\/fr\/#\/schema\/logo\/image\/\",\"url\":\"https:\/\/bloomarine.gr\/wp-content\/uploads\/2024\/01\/logo-bloomarine-2.png\",\"contentUrl\":\"https:\/\/bloomarine.gr\/wp-content\/uploads\/2024\/01\/logo-bloomarine-2.png\",\"width\":230,\"height\":200,\"caption\":\"Bloomarine\"},\"image\":{\"@id\":\"https:\/\/bloomarine.gr\/fr\/#\/schema\/logo\/image\/\"}}]}<\/script>\n<meta property=\"product:price:amount\" content=\"0.00\" \/>\n<meta property=\"product:price:currency\" content=\"EUR\" \/>\n<meta property=\"og:availability\" content=\"instock\" \/>\n<meta property=\"product:availability\" content=\"instock\" \/>\n<meta property=\"product:condition\" content=\"new\" \/>\n<!-- \/ Yoast SEO Premium plugin. -->","yoast_head_json":{"title":"Rent Olympic Private Boat 5m - 60hp Selva (Full Day)","description":"Rent Bloomarine's Olympic Private Boat 5m - 60hp Selva in Sifnos, for a full day, with no speedboat license. Enjoy Greek Summer!","robots":{"index":"index","follow":"follow","max-snippet":"max-snippet:-1","max-image-preview":"max-image-preview:large","max-video-preview":"max-video-preview:-1"},"canonical":"https:\/\/bloomarine.gr\/fr\/product\/olympic-private-boat-5m-60hp-selva-full-day\/","og_locale":"fr_FR","og_type":"article","og_title":"Bateau priv\u00e9 Olympique 5m - 60hp Selva (Journ\u00e9e compl\u00e8te)","og_description":"Rent Bloomarine's Olympic Private Boat 5m - 60hp Selva in Sifnos, for a full day, with no speedboat license. Enjoy Greek Summer!","og_url":"https:\/\/bloomarine.gr\/fr\/product\/olympic-private-boat-5m-60hp-selva-full-day\/","og_site_name":"Bloomarine","article_modified_time":"2024-04-22T15:37:09+00:00","og_image":[{"width":2560,"height":1706,"url":"https:\/\/bloomarine.gr\/wp-content\/uploads\/2024\/03\/rentaboat7-scaled-1.jpg","type":"image\/jpeg"}],"twitter_card":"summary_large_image","twitter_misc":{"Prix":"0,00&nbsp;&euro;","Disponibilit\u00e9":"En stock"},"schema":{"@context":"https:\/\/schema.org","@graph":[{"@type":["WebPage","ItemPage"],"@id":"https:\/\/bloomarine.gr\/fr\/product\/olympic-private-boat-5m-60hp-selva-full-day\/","url":"https:\/\/bloomarine.gr\/fr\/product\/olympic-private-boat-5m-60hp-selva-full-day\/","name":"Rent Olympic Private Boat 5m - 60hp Selva (Full Day)","isPartOf":{"@id":"https:\/\/bloomarine.gr\/fr\/#website"},"primaryImageOfPage":{"@id":"https:\/\/bloomarine.gr\/fr\/product\/olympic-private-boat-5m-60hp-selva-full-day\/#primaryimage"},"image":{"@id":"https:\/\/bloomarine.gr\/fr\/product\/olympic-private-boat-5m-60hp-selva-full-day\/#primaryimage"},"thumbnailUrl":"https:\/\/bloomarine.gr\/wp-content\/uploads\/2024\/03\/rentaboat7-scaled-1.jpg","datePublished":"2024-03-24T17:03:40+00:00","dateModified":"2024-04-22T15:37:09+00:00","description":"Rent Bloomarine's Olympic Private Boat 5m - 60hp Selva in Sifnos, for a full day, with no speedboat license. Enjoy Greek Summer!","breadcrumb":{"@id":"https:\/\/bloomarine.gr\/fr\/product\/olympic-private-boat-5m-60hp-selva-full-day\/#breadcrumb"},"inLanguage":"fr-FR","potentialAction":[{"@type":"ReadAction","target":["https:\/\/bloomarine.gr\/fr\/product\/olympic-private-boat-5m-60hp-selva-full-day\/"]}]},{"@type":"ImageObject","inLanguage":"fr-FR","@id":"https:\/\/bloomarine.gr\/fr\/product\/olympic-private-boat-5m-60hp-selva-full-day\/#primaryimage","url":"https:\/\/bloomarine.gr\/wp-content\/uploads\/2024\/03\/rentaboat7-scaled-1.jpg","contentUrl":"https:\/\/bloomarine.gr\/wp-content\/uploads\/2024\/03\/rentaboat7-scaled-1.jpg","width":2560,"height":1706,"caption":"Sifnos boat rentals - Sifnos boat tours - Sifnos Island Cruises"},{"@type":"BreadcrumbList","@id":"https:\/\/bloomarine.gr\/fr\/product\/olympic-private-boat-5m-60hp-selva-full-day\/#breadcrumb","itemListElement":[{"@type":"ListItem","position":1,"name":"Home","item":"https:\/\/bloomarine.gr\/fr\/"},{"@type":"ListItem","position":2,"name":"Produits"},{"@type":"ListItem","position":3,"name":"Bateau priv\u00e9 Olympique 5m &#8211; 60hp Selva (Journ\u00e9e compl\u00e8te)"}]},{"@type":"WebSite","@id":"https:\/\/bloomarine.gr\/fr\/#website","url":"https:\/\/bloomarine.gr\/fr\/","name":"Bloomarine","description":"Sifnos Boat Rentals Sifnos Cruises Boat Tours","publisher":{"@id":"https:\/\/bloomarine.gr\/fr\/#organization"},"potentialAction":[{"@type":"SearchAction","target":{"@type":"EntryPoint","urlTemplate":"https:\/\/bloomarine.gr\/fr\/?s={search_term_string}"},"query-input":{"@type":"PropertyValueSpecification","valueRequired":true,"valueName":"search_term_string"}}],"inLanguage":"fr-FR"},{"@type":"Organization","@id":"https:\/\/bloomarine.gr\/fr\/#organization","name":"Bloomarine","url":"https:\/\/bloomarine.gr\/fr\/","logo":{"@type":"ImageObject","inLanguage":"fr-FR","@id":"https:\/\/bloomarine.gr\/fr\/#\/schema\/logo\/image\/","url":"https:\/\/bloomarine.gr\/wp-content\/uploads\/2024\/01\/logo-bloomarine-2.png","contentUrl":"https:\/\/bloomarine.gr\/wp-content\/uploads\/2024\/01\/logo-bloomarine-2.png","width":230,"height":200,"caption":"Bloomarine"},"image":{"@id":"https:\/\/bloomarine.gr\/fr\/#\/schema\/logo\/image\/"}}]},"product_price_amount":"0.00","product_price_currency":"EUR","og_availability":"instock","product_availability":"instock","product_condition":"new"},"_links":{"self":[{"href":"https:\/\/bloomarine.gr\/fr\/wp-json\/wp\/v2\/product\/3762","targetHints":{"allow":["GET"]}}],"collection":[{"href":"https:\/\/bloomarine.gr\/fr\/wp-json\/wp\/v2\/product"}],"about":[{"href":"https:\/\/bloomarine.gr\/fr\/wp-json\/wp\/v2\/types\/product"}],"wp:featuredmedia":[{"embeddable":true,"href":"https:\/\/bloomarine.gr\/fr\/wp-json\/wp\/v2\/media\/2689"}],"wp:attachment":[{"href":"https:\/\/bloomarine.gr\/fr\/wp-json\/wp\/v2\/media?parent=3762"}],"wp:term":[{"taxonomy":"product_brand","embeddable":true,"href":"https:\/\/bloomarine.gr\/fr\/wp-json\/wp\/v2\/product_brand?post=3762"},{"taxonomy":"product_cat","embeddable":true,"href":"https:\/\/bloomarine.gr\/fr\/wp-json\/wp\/v2\/product_cat?post=3762"},{"taxonomy":"product_tag","embeddable":true,"href":"https:\/\/bloomarine.gr\/fr\/wp-json\/wp\/v2\/product_tag?post=3762"}],"curies":[{"name":"wp","href":"https:\/\/api.w.org\/{rel}","templated":true}]}}