{"id":3768,"date":"2024-03-06T20:34:22","date_gmt":"2024-03-06T18:34:22","guid":{"rendered":"https:\/\/bloomarine.gr\/product\/9-hours-sifnos-to-koufonisia-up-to-8-persons-topline-7m\/"},"modified":"2024-04-22T18:37:12","modified_gmt":"2024-04-22T15:37:12","slug":"9-hours-sifnos-to-koufonisia-up-to-8-persons-topline-7m","status":"publish","type":"product","link":"https:\/\/bloomarine.gr\/fr\/product\/9-hours-sifnos-to-koufonisia-up-to-8-persons-topline-7m\/","title":{"rendered":"De Sifnos \u00e0 Koufonissia jusqu&rsquo;\u00e0 9 personnes en 9 heures (bateau pneumatique Topline 7m)"},"content":{"rendered":"<p>Une journ\u00e9e \u00e0 Koufonisia<\/p>\n<p>D\u00e9part de la marina de Platis Gialos et navigation directe vers Kato Koufonisi, pour rejoindre sa c\u00e9l\u00e8bre plage de Kastelli aux paysages \u00e9tonnants et grottes cach\u00e9es. Nous nagerons dans ses eaux magnifiques.<\/p>\n<div class=\"schedules-description\">\n<p>Ensuite, nous naviguerons directement vers la plage exotique \u00e0 couper le souffle de Pori, situ\u00e9e sur le petit \u00eelot d&rsquo;Ano Koufonisi, o\u00f9 nous resterons ici pendant 1h30 pour un repas et un caf\u00e9 si vous le souhaitez.<\/p>\n<\/div>\n<p>Ensuite, nous ferons escale \u00e0 Ammos, le port et la ville principale d&rsquo;Ano Koufonissia o\u00f9 vous pourrez acheter des souvenirs ou prendre un caf\u00e9 ou des cocktails. Apr\u00e8s cet arr\u00eat, nous retournerons \u00e0 la crique de Platis Gialos.<\/p>\n","protected":false},"excerpt":{"rendered":"<p>Duration: 9 hours<\/p>\n<p><strong><em><u>In the prices are included<\/u><\/em><\/strong><em>: Skipper, Fuel, Snacks, Soft drinks and water.<\/em><\/p>\n<p><strong><em>Taxes are not included in the prices<\/em><\/strong><\/p>\n<p><strong><em><u>Passenger amenities<\/u><\/em><\/strong><em>: Masks, Snorkels, Fins, Clean towels upon request (10 euros per person)<\/em><\/p>\n<p><em><strong><u>Topline 7 m rib:<\/u><\/strong>Full sun tent, shower, bucket seats, folding ladders, cooler, GPS plotter, VHF radio, electric anchor, USB source, radio<\/em><\/p>\n<p><strong><em>Extra charge for Pick up\/drop at Vathi Bay\u00a0 50 euros<\/em><\/strong><\/p>\n<p><strong><em>Extra charge for 1 hour more cruising time 80 euros<\/em><\/strong><\/p>\n","protected":false},"featured_media":0,"template":"","meta":{"_acf_changed":false,"site-sidebar-layout":"default","site-content-layout":"","ast-site-content-layout":"default","site-content-style":"default","site-sidebar-style":"default","ast-global-header-display":"","ast-banner-title-visibility":"","ast-main-header-display":"","ast-hfb-above-header-display":"","ast-hfb-below-header-display":"","ast-hfb-mobile-header-display":"","site-post-title":"","ast-breadcrumbs-content":"","ast-featured-img":"","footer-sml-layout":"","theme-transparent-header-meta":"default","adv-header-id-meta":"","stick-header-meta":"","header-above-stick-meta":"","header-main-stick-meta":"","header-below-stick-meta":"","astra-migrate-meta-layouts":"default","ast-page-background-enabled":"default","ast-page-background-meta":{"desktop":{"background-color":"var(--ast-global-color-4)","background-image":"","background-repeat":"repeat","background-position":"center center","background-size":"auto","background-attachment":"scroll","background-type":"","background-media":"","overlay-type":"","overlay-color":"","overlay-opacity":"","overlay-gradient":""},"tablet":{"background-color":"","background-image":"","background-repeat":"repeat","background-position":"center center","background-size":"auto","background-attachment":"scroll","background-type":"","background-media":"","overlay-type":"","overlay-color":"","overlay-opacity":"","overlay-gradient":""},"mobile":{"background-color":"","background-image":"","background-repeat":"repeat","background-position":"center center","background-size":"auto","background-attachment":"scroll","background-type":"","background-media":"","overlay-type":"","overlay-color":"","overlay-opacity":"","overlay-gradient":""}},"ast-content-background-meta":{"desktop":{"background-color":"var(--ast-global-color-5)","background-image":"","background-repeat":"repeat","background-position":"center center","background-size":"auto","background-attachment":"scroll","background-type":"","background-media":"","overlay-type":"","overlay-color":"","overlay-opacity":"","overlay-gradient":""},"tablet":{"background-color":"var(--ast-global-color-5)","background-image":"","background-repeat":"repeat","background-position":"center center","background-size":"auto","background-attachment":"scroll","background-type":"","background-media":"","overlay-type":"","overlay-color":"","overlay-opacity":"","overlay-gradient":""},"mobile":{"background-color":"var(--ast-global-color-5)","background-image":"","background-repeat":"repeat","background-position":"center center","background-size":"auto","background-attachment":"scroll","background-type":"","background-media":"","overlay-type":"","overlay-color":"","overlay-opacity":"","overlay-gradient":""}}},"product_brand":[],"product_cat":[105,97],"product_tag":[],"class_list":{"0":"post-3768","1":"product","2":"type-product","3":"status-publish","5":"product_cat-croisieres-privees-en-rib","6":"product_cat-journee-complete-a-koufonisia","7":"desktop-align-left","8":"tablet-align-left","9":"mobile-align-left","10":"ast-product-gallery-layout-horizontal-slider","11":"ast-product-gallery-with-no-image","12":"ast-product-tabs-layout-horizontal","14":"first","15":"instock","16":"taxable","17":"shipping-taxable","18":"purchasable","19":"product-type-simple"},"acf":[],"yoast_head":"<!-- This site is optimized with the Yoast SEO Premium plugin v24.9 (Yoast SEO v24.9) - https:\/\/yoast.com\/wordpress\/plugins\/seo\/ -->\n<title>De Sifnos \u00e0 Koufonissia jusqu&#039;\u00e0 9 personnes en 9 heures (bateau pneumatique Topline 7m) - Bloomarine<\/title>\n<meta name=\"robots\" content=\"index, follow, max-snippet:-1, max-image-preview:large, max-video-preview:-1\" \/>\n<link rel=\"canonical\" href=\"https:\/\/bloomarine.gr\/fr\/product\/9-hours-sifnos-to-koufonisia-up-to-8-persons-topline-7m\/\" \/>\n<meta property=\"og:locale\" content=\"fr_FR\" \/>\n<meta property=\"og:type\" content=\"article\" \/>\n<meta property=\"og:title\" content=\"De Sifnos \u00e0 Koufonissia jusqu&#039;\u00e0 9 personnes en 9 heures (bateau pneumatique Topline 7m)\" \/>\n<meta property=\"og:description\" content=\"Duration: 9 hours In the prices are included: Skipper, Fuel, Snacks, Soft drinks and water. Taxes are not included in the prices Passenger amenities: Masks, Snorkels, Fins, Clean towels upon request (10 euros per person) Topline 7 m rib:Full sun tent, shower, bucket seats, folding ladders, cooler, GPS plotter, VHF radio, electric anchor, USB source, radio Extra charge for Pick up\/drop at Vathi Bay\u00a0 50 euros Extra charge for 1 hour more cruising time 80 euros\" \/>\n<meta property=\"og:url\" content=\"https:\/\/bloomarine.gr\/fr\/product\/9-hours-sifnos-to-koufonisia-up-to-8-persons-topline-7m\/\" \/>\n<meta property=\"og:site_name\" content=\"Bloomarine\" \/>\n<meta property=\"article:modified_time\" content=\"2024-04-22T15:37:12+00:00\" \/>\n<meta name=\"twitter:card\" content=\"summary_large_image\" \/>\n<meta name=\"twitter:label1\" content=\"Prix\" \/>\n\t<meta name=\"twitter:data1\" content=\"0,00&nbsp;&euro;\" \/>\n\t<meta name=\"twitter:label2\" content=\"Disponibilit\u00e9\" \/>\n\t<meta name=\"twitter:data2\" content=\"En stock\" \/>\n<script type=\"application\/ld+json\" class=\"yoast-schema-graph\">{\"@context\":\"https:\/\/schema.org\",\"@graph\":[{\"@type\":[\"WebPage\",\"ItemPage\"],\"@id\":\"https:\/\/bloomarine.gr\/fr\/product\/9-hours-sifnos-to-koufonisia-up-to-8-persons-topline-7m\/\",\"url\":\"https:\/\/bloomarine.gr\/fr\/product\/9-hours-sifnos-to-koufonisia-up-to-8-persons-topline-7m\/\",\"name\":\"De Sifnos \u00e0 Koufonissia jusqu'\u00e0 9 personnes en 9 heures (bateau pneumatique Topline 7m) - Bloomarine\",\"isPartOf\":{\"@id\":\"https:\/\/bloomarine.gr\/fr\/#website\"},\"datePublished\":\"2024-03-06T18:34:22+00:00\",\"dateModified\":\"2024-04-22T15:37:12+00:00\",\"breadcrumb\":{\"@id\":\"https:\/\/bloomarine.gr\/fr\/product\/9-hours-sifnos-to-koufonisia-up-to-8-persons-topline-7m\/#breadcrumb\"},\"inLanguage\":\"fr-FR\",\"potentialAction\":[{\"@type\":\"ReadAction\",\"target\":[\"https:\/\/bloomarine.gr\/fr\/product\/9-hours-sifnos-to-koufonisia-up-to-8-persons-topline-7m\/\"]}]},{\"@type\":\"BreadcrumbList\",\"@id\":\"https:\/\/bloomarine.gr\/fr\/product\/9-hours-sifnos-to-koufonisia-up-to-8-persons-topline-7m\/#breadcrumb\",\"itemListElement\":[{\"@type\":\"ListItem\",\"position\":1,\"name\":\"Home\",\"item\":\"https:\/\/bloomarine.gr\/fr\/\"},{\"@type\":\"ListItem\",\"position\":2,\"name\":\"Produits\"},{\"@type\":\"ListItem\",\"position\":3,\"name\":\"De Sifnos \u00e0 Koufonissia jusqu&#8217;\u00e0 9 personnes en 9 heures (bateau pneumatique Topline 7m)\"}]},{\"@type\":\"WebSite\",\"@id\":\"https:\/\/bloomarine.gr\/fr\/#website\",\"url\":\"https:\/\/bloomarine.gr\/fr\/\",\"name\":\"Bloomarine\",\"description\":\"Sifnos Boat Rentals Sifnos Cruises Boat Tours\",\"publisher\":{\"@id\":\"https:\/\/bloomarine.gr\/fr\/#organization\"},\"potentialAction\":[{\"@type\":\"SearchAction\",\"target\":{\"@type\":\"EntryPoint\",\"urlTemplate\":\"https:\/\/bloomarine.gr\/fr\/?s={search_term_string}\"},\"query-input\":{\"@type\":\"PropertyValueSpecification\",\"valueRequired\":true,\"valueName\":\"search_term_string\"}}],\"inLanguage\":\"fr-FR\"},{\"@type\":\"Organization\",\"@id\":\"https:\/\/bloomarine.gr\/fr\/#organization\",\"name\":\"Bloomarine\",\"url\":\"https:\/\/bloomarine.gr\/fr\/\",\"logo\":{\"@type\":\"ImageObject\",\"inLanguage\":\"fr-FR\",\"@id\":\"https:\/\/bloomarine.gr\/fr\/#\/schema\/logo\/image\/\",\"url\":\"https:\/\/bloomarine.gr\/wp-content\/uploads\/2024\/01\/logo-bloomarine-2.png\",\"contentUrl\":\"https:\/\/bloomarine.gr\/wp-content\/uploads\/2024\/01\/logo-bloomarine-2.png\",\"width\":230,\"height\":200,\"caption\":\"Bloomarine\"},\"image\":{\"@id\":\"https:\/\/bloomarine.gr\/fr\/#\/schema\/logo\/image\/\"}}]}<\/script>\n<meta property=\"product:price:amount\" content=\"0.00\" \/>\n<meta property=\"product:price:currency\" content=\"EUR\" \/>\n<meta property=\"og:availability\" content=\"instock\" \/>\n<meta property=\"product:availability\" content=\"instock\" \/>\n<meta property=\"product:condition\" content=\"new\" \/>\n<!-- \/ Yoast SEO Premium plugin. -->","yoast_head_json":{"title":"De Sifnos \u00e0 Koufonissia jusqu'\u00e0 9 personnes en 9 heures (bateau pneumatique Topline 7m) - Bloomarine","robots":{"index":"index","follow":"follow","max-snippet":"max-snippet:-1","max-image-preview":"max-image-preview:large","max-video-preview":"max-video-preview:-1"},"canonical":"https:\/\/bloomarine.gr\/fr\/product\/9-hours-sifnos-to-koufonisia-up-to-8-persons-topline-7m\/","og_locale":"fr_FR","og_type":"article","og_title":"De Sifnos \u00e0 Koufonissia jusqu'\u00e0 9 personnes en 9 heures (bateau pneumatique Topline 7m)","og_description":"Duration: 9 hours In the prices are included: Skipper, Fuel, Snacks, Soft drinks and water. Taxes are not included in the prices Passenger amenities: Masks, Snorkels, Fins, Clean towels upon request (10 euros per person) Topline 7 m rib:Full sun tent, shower, bucket seats, folding ladders, cooler, GPS plotter, VHF radio, electric anchor, USB source, radio Extra charge for Pick up\/drop at Vathi Bay\u00a0 50 euros Extra charge for 1 hour more cruising time 80 euros","og_url":"https:\/\/bloomarine.gr\/fr\/product\/9-hours-sifnos-to-koufonisia-up-to-8-persons-topline-7m\/","og_site_name":"Bloomarine","article_modified_time":"2024-04-22T15:37:12+00:00","twitter_card":"summary_large_image","twitter_misc":{"Prix":"0,00&nbsp;&euro;","Disponibilit\u00e9":"En stock"},"schema":{"@context":"https:\/\/schema.org","@graph":[{"@type":["WebPage","ItemPage"],"@id":"https:\/\/bloomarine.gr\/fr\/product\/9-hours-sifnos-to-koufonisia-up-to-8-persons-topline-7m\/","url":"https:\/\/bloomarine.gr\/fr\/product\/9-hours-sifnos-to-koufonisia-up-to-8-persons-topline-7m\/","name":"De Sifnos \u00e0 Koufonissia jusqu'\u00e0 9 personnes en 9 heures (bateau pneumatique Topline 7m) - Bloomarine","isPartOf":{"@id":"https:\/\/bloomarine.gr\/fr\/#website"},"datePublished":"2024-03-06T18:34:22+00:00","dateModified":"2024-04-22T15:37:12+00:00","breadcrumb":{"@id":"https:\/\/bloomarine.gr\/fr\/product\/9-hours-sifnos-to-koufonisia-up-to-8-persons-topline-7m\/#breadcrumb"},"inLanguage":"fr-FR","potentialAction":[{"@type":"ReadAction","target":["https:\/\/bloomarine.gr\/fr\/product\/9-hours-sifnos-to-koufonisia-up-to-8-persons-topline-7m\/"]}]},{"@type":"BreadcrumbList","@id":"https:\/\/bloomarine.gr\/fr\/product\/9-hours-sifnos-to-koufonisia-up-to-8-persons-topline-7m\/#breadcrumb","itemListElement":[{"@type":"ListItem","position":1,"name":"Home","item":"https:\/\/bloomarine.gr\/fr\/"},{"@type":"ListItem","position":2,"name":"Produits"},{"@type":"ListItem","position":3,"name":"De Sifnos \u00e0 Koufonissia jusqu&#8217;\u00e0 9 personnes en 9 heures (bateau pneumatique Topline 7m)"}]},{"@type":"WebSite","@id":"https:\/\/bloomarine.gr\/fr\/#website","url":"https:\/\/bloomarine.gr\/fr\/","name":"Bloomarine","description":"Sifnos Boat Rentals Sifnos Cruises Boat Tours","publisher":{"@id":"https:\/\/bloomarine.gr\/fr\/#organization"},"potentialAction":[{"@type":"SearchAction","target":{"@type":"EntryPoint","urlTemplate":"https:\/\/bloomarine.gr\/fr\/?s={search_term_string}"},"query-input":{"@type":"PropertyValueSpecification","valueRequired":true,"valueName":"search_term_string"}}],"inLanguage":"fr-FR"},{"@type":"Organization","@id":"https:\/\/bloomarine.gr\/fr\/#organization","name":"Bloomarine","url":"https:\/\/bloomarine.gr\/fr\/","logo":{"@type":"ImageObject","inLanguage":"fr-FR","@id":"https:\/\/bloomarine.gr\/fr\/#\/schema\/logo\/image\/","url":"https:\/\/bloomarine.gr\/wp-content\/uploads\/2024\/01\/logo-bloomarine-2.png","contentUrl":"https:\/\/bloomarine.gr\/wp-content\/uploads\/2024\/01\/logo-bloomarine-2.png","width":230,"height":200,"caption":"Bloomarine"},"image":{"@id":"https:\/\/bloomarine.gr\/fr\/#\/schema\/logo\/image\/"}}]},"product_price_amount":"0.00","product_price_currency":"EUR","og_availability":"instock","product_availability":"instock","product_condition":"new"},"_links":{"self":[{"href":"https:\/\/bloomarine.gr\/fr\/wp-json\/wp\/v2\/product\/3768","targetHints":{"allow":["GET"]}}],"collection":[{"href":"https:\/\/bloomarine.gr\/fr\/wp-json\/wp\/v2\/product"}],"about":[{"href":"https:\/\/bloomarine.gr\/fr\/wp-json\/wp\/v2\/types\/product"}],"wp:attachment":[{"href":"https:\/\/bloomarine.gr\/fr\/wp-json\/wp\/v2\/media?parent=3768"}],"wp:term":[{"taxonomy":"product_brand","embeddable":true,"href":"https:\/\/bloomarine.gr\/fr\/wp-json\/wp\/v2\/product_brand?post=3768"},{"taxonomy":"product_cat","embeddable":true,"href":"https:\/\/bloomarine.gr\/fr\/wp-json\/wp\/v2\/product_cat?post=3768"},{"taxonomy":"product_tag","embeddable":true,"href":"https:\/\/bloomarine.gr\/fr\/wp-json\/wp\/v2\/product_tag?post=3768"}],"curies":[{"name":"wp","href":"https:\/\/api.w.org\/{rel}","templated":true}]}}