{"id":3772,"date":"2024-03-06T20:27:00","date_gmt":"2024-03-06T18:27:00","guid":{"rendered":"https:\/\/bloomarine.gr\/product\/6-hours-to-folegandros-up-to-8-persons-topline-7m\/"},"modified":"2024-04-22T18:37:14","modified_gmt":"2024-04-22T15:37:14","slug":"6-hours-to-folegandros-up-to-8-persons-topline-7m","status":"publish","type":"product","link":"https:\/\/bloomarine.gr\/fr\/product\/6-hours-to-folegandros-up-to-8-persons-topline-7m\/","title":{"rendered":"Vers Folegandros jusqu&rsquo;\u00e0 8 personnes en 6 heures (bateau pneumatique Topline 7m)"},"content":{"rendered":"<p>Nous quittons la marina de Platis Gialos en direction du sud-est. Apr\u00e8s Platis Gialos, sur notre droite, se trouve la petite \u00eele inhabit\u00e9e de Kitriani, sur laquelle il n&rsquo;y a qu&rsquo;un seul b\u00e2timent, l&rsquo;\u00e9glise de Panagia Kitriani.<\/p>\n<p>En nous dirigeant vers le sud-sud-est et apr\u00e8s environ 16 milles nautiques, nous atteindrons l&rsquo;\u00eele de Folegandros. Notre premi\u00e8re visite sera sur la c\u00f4te d&rsquo;Agios Georgios, une petite crique tranquille, o\u00f9 nous pourrons profiter des eaux cristallines de la plage.<\/p>\n<p>En continuant notre voyage vers le sud-est, nous passerons \u00e0 c\u00f4t\u00e9 des plages sud de Folegandros. En chemin, nous passons par Ampeli et la baie de Vathi, avec les deux plages les plus grandes et les plus populaires d&rsquo;Agios Nikolaos et d&rsquo;Agali. Nous pouvons maintenant prendre un caf\u00e9 et nous baigner dans la r\u00e9gion tout en d\u00e9couvrant Folegandros.<\/p>\n<p>Partant d&rsquo;Agali, notre destination est la meilleure plage de l&rsquo;\u00eele, Katergo, une plage aux eaux calmes et claires, gr\u00e2ce \u00e0 la morphologie des c\u00f4tes qui l&rsquo;entourent. Apr\u00e8s avoir profit\u00e9 de Katergo, notre destination finale est Karavostasis, le port principal de l&rsquo;\u00eele. Il vaut la peine de s&rsquo;arr\u00eater ici et de prendre le bus local pour visiter la Chora de Folegandros.<\/p>\n<p>Construite au-dessus de la baie de Piaka, sa vue unique et son architecture traditionnelle rappellent une fois de plus la beaut\u00e9 des Cyclades. Ici, nous explorerons les rues pittoresques de Chora, o\u00f9 vous aurez le temps de prendre un caf\u00e9 et de visiter les boutiques locales. Enfin, si vous aimez la marche, vous devriez visiter Panagia de Folegandros, d&rsquo;o\u00f9 la vue sera le meilleur souvenir de notre court voyage.<\/p>\n<p>En partant, nous redescendrons \u00e0 la plage de Karavostasi pour emprunter la route du retour vers Sifnos.<\/p>\n","protected":false},"excerpt":{"rendered":"<p>Duration: 6 hours<\/p>\n<p><strong><em><u>In the prices are included<\/u><\/em><\/strong><em>: Skipper, Fuel, Snacks, Soft drinks and water.<\/em><\/p>\n<p><strong><em>Taxes are not included in the prices<\/em><\/strong><\/p>\n<p><strong><em><u>Passenger amenities<\/u><\/em><\/strong><em>: Masks, Snorkels, Fins, Clean towels upon request (10 euros per person)<\/em><\/p>\n<p><em><strong><u>Topline 7 m rib:<\/u><\/strong>Full sun tent, shower, bucket seats, folding ladders, cooler, GPS plotter, VHF radio, electric anchor, USB source, radio<\/em><\/p>\n<p><strong><em>Extra charge for Pick up\/drop at Vathi Bay\u00a0 50 euros<\/em><\/strong><\/p>\n<p><strong><em>Extra charge for 1 hour more cruising time 80 euros<\/em><\/strong><\/p>\n","protected":false},"featured_media":0,"template":"","meta":{"_acf_changed":false,"site-sidebar-layout":"default","site-content-layout":"","ast-site-content-layout":"default","site-content-style":"default","site-sidebar-style":"default","ast-global-header-display":"","ast-banner-title-visibility":"","ast-main-header-display":"","ast-hfb-above-header-display":"","ast-hfb-below-header-display":"","ast-hfb-mobile-header-display":"","site-post-title":"","ast-breadcrumbs-content":"","ast-featured-img":"","footer-sml-layout":"","theme-transparent-header-meta":"default","adv-header-id-meta":"","stick-header-meta":"","header-above-stick-meta":"","header-main-stick-meta":"","header-below-stick-meta":"","astra-migrate-meta-layouts":"default","ast-page-background-enabled":"default","ast-page-background-meta":{"desktop":{"background-color":"var(--ast-global-color-4)","background-image":"","background-repeat":"repeat","background-position":"center center","background-size":"auto","background-attachment":"scroll","background-type":"","background-media":"","overlay-type":"","overlay-color":"","overlay-opacity":"","overlay-gradient":""},"tablet":{"background-color":"","background-image":"","background-repeat":"repeat","background-position":"center center","background-size":"auto","background-attachment":"scroll","background-type":"","background-media":"","overlay-type":"","overlay-color":"","overlay-opacity":"","overlay-gradient":""},"mobile":{"background-color":"","background-image":"","background-repeat":"repeat","background-position":"center center","background-size":"auto","background-attachment":"scroll","background-type":"","background-media":"","overlay-type":"","overlay-color":"","overlay-opacity":"","overlay-gradient":""}},"ast-content-background-meta":{"desktop":{"background-color":"var(--ast-global-color-5)","background-image":"","background-repeat":"repeat","background-position":"center center","background-size":"auto","background-attachment":"scroll","background-type":"","background-media":"","overlay-type":"","overlay-color":"","overlay-opacity":"","overlay-gradient":""},"tablet":{"background-color":"var(--ast-global-color-5)","background-image":"","background-repeat":"repeat","background-position":"center center","background-size":"auto","background-attachment":"scroll","background-type":"","background-media":"","overlay-type":"","overlay-color":"","overlay-opacity":"","overlay-gradient":""},"mobile":{"background-color":"var(--ast-global-color-5)","background-image":"","background-repeat":"repeat","background-position":"center center","background-size":"auto","background-attachment":"scroll","background-type":"","background-media":"","overlay-type":"","overlay-color":"","overlay-opacity":"","overlay-gradient":""}}},"product_brand":[],"product_cat":[105,99],"product_tag":[],"class_list":{"0":"post-3772","1":"product","2":"type-product","3":"status-publish","5":"product_cat-croisieres-privees-en-rib","6":"product_cat-journee-complete-a-folegandros","7":"desktop-align-left","8":"tablet-align-left","9":"mobile-align-left","10":"ast-product-gallery-layout-horizontal-slider","11":"ast-product-gallery-with-no-image","12":"ast-product-tabs-layout-horizontal","14":"first","15":"instock","16":"taxable","17":"shipping-taxable","18":"purchasable","19":"product-type-simple"},"acf":[],"yoast_head":"<!-- This site is optimized with the Yoast SEO Premium plugin v24.9 (Yoast SEO v24.9) - https:\/\/yoast.com\/wordpress\/plugins\/seo\/ -->\n<title>Vers Folegandros jusqu&#039;\u00e0 8 personnes en 6 heures (bateau pneumatique Topline 7m) - Bloomarine<\/title>\n<meta name=\"robots\" content=\"index, follow, max-snippet:-1, max-image-preview:large, max-video-preview:-1\" \/>\n<link rel=\"canonical\" href=\"https:\/\/bloomarine.gr\/fr\/product\/6-hours-to-folegandros-up-to-8-persons-topline-7m\/\" \/>\n<meta property=\"og:locale\" content=\"fr_FR\" \/>\n<meta property=\"og:type\" content=\"article\" \/>\n<meta property=\"og:title\" content=\"Vers Folegandros jusqu&#039;\u00e0 8 personnes en 6 heures (bateau pneumatique Topline 7m)\" \/>\n<meta property=\"og:description\" content=\"Duration: 6 hours In the prices are included: Skipper, Fuel, Snacks, Soft drinks and water. Taxes are not included in the prices Passenger amenities: Masks, Snorkels, Fins, Clean towels upon request (10 euros per person) Topline 7 m rib:Full sun tent, shower, bucket seats, folding ladders, cooler, GPS plotter, VHF radio, electric anchor, USB source, radio Extra charge for Pick up\/drop at Vathi Bay\u00a0 50 euros Extra charge for 1 hour more cruising time 80 euros\" \/>\n<meta property=\"og:url\" content=\"https:\/\/bloomarine.gr\/fr\/product\/6-hours-to-folegandros-up-to-8-persons-topline-7m\/\" \/>\n<meta property=\"og:site_name\" content=\"Bloomarine\" \/>\n<meta property=\"article:modified_time\" content=\"2024-04-22T15:37:14+00:00\" \/>\n<meta name=\"twitter:card\" content=\"summary_large_image\" \/>\n<meta name=\"twitter:label1\" content=\"Prix\" \/>\n\t<meta name=\"twitter:data1\" content=\"0,00&nbsp;&euro;\" \/>\n\t<meta name=\"twitter:label2\" content=\"Disponibilit\u00e9\" \/>\n\t<meta name=\"twitter:data2\" content=\"En stock\" \/>\n<script type=\"application\/ld+json\" class=\"yoast-schema-graph\">{\"@context\":\"https:\/\/schema.org\",\"@graph\":[{\"@type\":[\"WebPage\",\"ItemPage\"],\"@id\":\"https:\/\/bloomarine.gr\/fr\/product\/6-hours-to-folegandros-up-to-8-persons-topline-7m\/\",\"url\":\"https:\/\/bloomarine.gr\/fr\/product\/6-hours-to-folegandros-up-to-8-persons-topline-7m\/\",\"name\":\"Vers Folegandros jusqu'\u00e0 8 personnes en 6 heures (bateau pneumatique Topline 7m) - Bloomarine\",\"isPartOf\":{\"@id\":\"https:\/\/bloomarine.gr\/fr\/#website\"},\"datePublished\":\"2024-03-06T18:27:00+00:00\",\"dateModified\":\"2024-04-22T15:37:14+00:00\",\"breadcrumb\":{\"@id\":\"https:\/\/bloomarine.gr\/fr\/product\/6-hours-to-folegandros-up-to-8-persons-topline-7m\/#breadcrumb\"},\"inLanguage\":\"fr-FR\",\"potentialAction\":[{\"@type\":\"ReadAction\",\"target\":[\"https:\/\/bloomarine.gr\/fr\/product\/6-hours-to-folegandros-up-to-8-persons-topline-7m\/\"]}]},{\"@type\":\"BreadcrumbList\",\"@id\":\"https:\/\/bloomarine.gr\/fr\/product\/6-hours-to-folegandros-up-to-8-persons-topline-7m\/#breadcrumb\",\"itemListElement\":[{\"@type\":\"ListItem\",\"position\":1,\"name\":\"Home\",\"item\":\"https:\/\/bloomarine.gr\/fr\/\"},{\"@type\":\"ListItem\",\"position\":2,\"name\":\"Produits\"},{\"@type\":\"ListItem\",\"position\":3,\"name\":\"Vers Folegandros jusqu&#8217;\u00e0 8 personnes en 6 heures (bateau pneumatique Topline 7m)\"}]},{\"@type\":\"WebSite\",\"@id\":\"https:\/\/bloomarine.gr\/fr\/#website\",\"url\":\"https:\/\/bloomarine.gr\/fr\/\",\"name\":\"Bloomarine\",\"description\":\"Sifnos Boat Rentals Sifnos Cruises Boat Tours\",\"publisher\":{\"@id\":\"https:\/\/bloomarine.gr\/fr\/#organization\"},\"potentialAction\":[{\"@type\":\"SearchAction\",\"target\":{\"@type\":\"EntryPoint\",\"urlTemplate\":\"https:\/\/bloomarine.gr\/fr\/?s={search_term_string}\"},\"query-input\":{\"@type\":\"PropertyValueSpecification\",\"valueRequired\":true,\"valueName\":\"search_term_string\"}}],\"inLanguage\":\"fr-FR\"},{\"@type\":\"Organization\",\"@id\":\"https:\/\/bloomarine.gr\/fr\/#organization\",\"name\":\"Bloomarine\",\"url\":\"https:\/\/bloomarine.gr\/fr\/\",\"logo\":{\"@type\":\"ImageObject\",\"inLanguage\":\"fr-FR\",\"@id\":\"https:\/\/bloomarine.gr\/fr\/#\/schema\/logo\/image\/\",\"url\":\"https:\/\/bloomarine.gr\/wp-content\/uploads\/2024\/01\/logo-bloomarine-2.png\",\"contentUrl\":\"https:\/\/bloomarine.gr\/wp-content\/uploads\/2024\/01\/logo-bloomarine-2.png\",\"width\":230,\"height\":200,\"caption\":\"Bloomarine\"},\"image\":{\"@id\":\"https:\/\/bloomarine.gr\/fr\/#\/schema\/logo\/image\/\"}}]}<\/script>\n<meta property=\"product:price:amount\" content=\"0.00\" \/>\n<meta property=\"product:price:currency\" content=\"EUR\" \/>\n<meta property=\"og:availability\" content=\"instock\" \/>\n<meta property=\"product:availability\" content=\"instock\" \/>\n<meta property=\"product:condition\" content=\"new\" \/>\n<!-- \/ Yoast SEO Premium plugin. -->","yoast_head_json":{"title":"Vers Folegandros jusqu'\u00e0 8 personnes en 6 heures (bateau pneumatique Topline 7m) - Bloomarine","robots":{"index":"index","follow":"follow","max-snippet":"max-snippet:-1","max-image-preview":"max-image-preview:large","max-video-preview":"max-video-preview:-1"},"canonical":"https:\/\/bloomarine.gr\/fr\/product\/6-hours-to-folegandros-up-to-8-persons-topline-7m\/","og_locale":"fr_FR","og_type":"article","og_title":"Vers Folegandros jusqu'\u00e0 8 personnes en 6 heures (bateau pneumatique Topline 7m)","og_description":"Duration: 6 hours In the prices are included: Skipper, Fuel, Snacks, Soft drinks and water. Taxes are not included in the prices Passenger amenities: Masks, Snorkels, Fins, Clean towels upon request (10 euros per person) Topline 7 m rib:Full sun tent, shower, bucket seats, folding ladders, cooler, GPS plotter, VHF radio, electric anchor, USB source, radio Extra charge for Pick up\/drop at Vathi Bay\u00a0 50 euros Extra charge for 1 hour more cruising time 80 euros","og_url":"https:\/\/bloomarine.gr\/fr\/product\/6-hours-to-folegandros-up-to-8-persons-topline-7m\/","og_site_name":"Bloomarine","article_modified_time":"2024-04-22T15:37:14+00:00","twitter_card":"summary_large_image","twitter_misc":{"Prix":"0,00&nbsp;&euro;","Disponibilit\u00e9":"En stock"},"schema":{"@context":"https:\/\/schema.org","@graph":[{"@type":["WebPage","ItemPage"],"@id":"https:\/\/bloomarine.gr\/fr\/product\/6-hours-to-folegandros-up-to-8-persons-topline-7m\/","url":"https:\/\/bloomarine.gr\/fr\/product\/6-hours-to-folegandros-up-to-8-persons-topline-7m\/","name":"Vers Folegandros jusqu'\u00e0 8 personnes en 6 heures (bateau pneumatique Topline 7m) - Bloomarine","isPartOf":{"@id":"https:\/\/bloomarine.gr\/fr\/#website"},"datePublished":"2024-03-06T18:27:00+00:00","dateModified":"2024-04-22T15:37:14+00:00","breadcrumb":{"@id":"https:\/\/bloomarine.gr\/fr\/product\/6-hours-to-folegandros-up-to-8-persons-topline-7m\/#breadcrumb"},"inLanguage":"fr-FR","potentialAction":[{"@type":"ReadAction","target":["https:\/\/bloomarine.gr\/fr\/product\/6-hours-to-folegandros-up-to-8-persons-topline-7m\/"]}]},{"@type":"BreadcrumbList","@id":"https:\/\/bloomarine.gr\/fr\/product\/6-hours-to-folegandros-up-to-8-persons-topline-7m\/#breadcrumb","itemListElement":[{"@type":"ListItem","position":1,"name":"Home","item":"https:\/\/bloomarine.gr\/fr\/"},{"@type":"ListItem","position":2,"name":"Produits"},{"@type":"ListItem","position":3,"name":"Vers Folegandros jusqu&#8217;\u00e0 8 personnes en 6 heures (bateau pneumatique Topline 7m)"}]},{"@type":"WebSite","@id":"https:\/\/bloomarine.gr\/fr\/#website","url":"https:\/\/bloomarine.gr\/fr\/","name":"Bloomarine","description":"Sifnos Boat Rentals Sifnos Cruises Boat Tours","publisher":{"@id":"https:\/\/bloomarine.gr\/fr\/#organization"},"potentialAction":[{"@type":"SearchAction","target":{"@type":"EntryPoint","urlTemplate":"https:\/\/bloomarine.gr\/fr\/?s={search_term_string}"},"query-input":{"@type":"PropertyValueSpecification","valueRequired":true,"valueName":"search_term_string"}}],"inLanguage":"fr-FR"},{"@type":"Organization","@id":"https:\/\/bloomarine.gr\/fr\/#organization","name":"Bloomarine","url":"https:\/\/bloomarine.gr\/fr\/","logo":{"@type":"ImageObject","inLanguage":"fr-FR","@id":"https:\/\/bloomarine.gr\/fr\/#\/schema\/logo\/image\/","url":"https:\/\/bloomarine.gr\/wp-content\/uploads\/2024\/01\/logo-bloomarine-2.png","contentUrl":"https:\/\/bloomarine.gr\/wp-content\/uploads\/2024\/01\/logo-bloomarine-2.png","width":230,"height":200,"caption":"Bloomarine"},"image":{"@id":"https:\/\/bloomarine.gr\/fr\/#\/schema\/logo\/image\/"}}]},"product_price_amount":"0.00","product_price_currency":"EUR","og_availability":"instock","product_availability":"instock","product_condition":"new"},"_links":{"self":[{"href":"https:\/\/bloomarine.gr\/fr\/wp-json\/wp\/v2\/product\/3772","targetHints":{"allow":["GET"]}}],"collection":[{"href":"https:\/\/bloomarine.gr\/fr\/wp-json\/wp\/v2\/product"}],"about":[{"href":"https:\/\/bloomarine.gr\/fr\/wp-json\/wp\/v2\/types\/product"}],"wp:attachment":[{"href":"https:\/\/bloomarine.gr\/fr\/wp-json\/wp\/v2\/media?parent=3772"}],"wp:term":[{"taxonomy":"product_brand","embeddable":true,"href":"https:\/\/bloomarine.gr\/fr\/wp-json\/wp\/v2\/product_brand?post=3772"},{"taxonomy":"product_cat","embeddable":true,"href":"https:\/\/bloomarine.gr\/fr\/wp-json\/wp\/v2\/product_cat?post=3772"},{"taxonomy":"product_tag","embeddable":true,"href":"https:\/\/bloomarine.gr\/fr\/wp-json\/wp\/v2\/product_tag?post=3772"}],"curies":[{"name":"wp","href":"https:\/\/api.w.org\/{rel}","templated":true}]}}