{"id":3794,"date":"2024-03-06T16:27:23","date_gmt":"2024-03-06T14:27:23","guid":{"rendered":"https:\/\/bloomarine.gr\/product\/marvel-10m-private-boat-9-persons-for-6-hours-boat-tour-sifnos-to-polyaigos-and-kimolos\/"},"modified":"2024-04-22T18:37:27","modified_gmt":"2024-04-22T15:37:27","slug":"marvel-10m-private-boat-9-persons-for-6-hours-boat-tour-sifnos-to-polyaigos-and-kimolos","status":"publish","type":"product","link":"https:\/\/bloomarine.gr\/fr\/product\/marvel-10m-private-boat-9-persons-for-6-hours-boat-tour-sifnos-to-polyaigos-and-kimolos\/","title":{"rendered":"Bateau priv\u00e9 Marvel 10m (9 personnes) pour une visite en bateau de 6 heures de Sifnos \u00e0 Polyaigos et Kimolos"},"content":{"rendered":"<p><a href=\"https:\/\/bloomarine.gr\/fr\/private-sifnos-to-polyegos-kimolos-full-day-boat-tour-cruise\/\">Excursions en bateau priv\u00e9 \/ croisi\u00e8res de Sifnos \u00e0 Polyaigos et Kimolos<\/a> : Une journ\u00e9e (6H) \u00e0 Polyaigos et Kimolos<\/p>\n<p>En partant de la marina de Platis Gialos et en se dirigeant vers le sud-ouest, nous entrons dans le d\u00e9troit entre Kitriani et Sifnos. \u00c0 notre gauche, nous admirons l&rsquo;exquise chapelle de Panagia Kitriani construite sur l&rsquo;\u00eele inhabit\u00e9e du m\u00eame nom.<\/p>\n<p>Nous suivons un cap au sud et tr\u00e8s bient\u00f4t nous sommes dans la crique du phare de Polyaigos sur une petite plage magnifique o\u00f9 vous pouvez nager dans ses eaux bleu ciel. N&rsquo;oubliez pas de prendre une photo du c\u00e9l\u00e8bre phare de Polyaigos construit \u00e0 130 m\u00e8tres au-dessus du niveau de la mer. De l\u00e0, nous repartons et nous dirigeons vers l&rsquo;ouest jusqu&rsquo;\u00e0 la crique Kalogeri. Ici, nous ferons un arr\u00eat pour admirer les eaux bleu aqua avec le sable blanc.<\/p>\n<p>Nous mettons le cap sur l&rsquo;\u00eele de Kimolos et en quelques minutes nous approchons du port, Psathi. Nous resterons ici entre 2 et 2\u00bd heures pour un repas et un caf\u00e9 ou, si vous le souhaitez, vous pouvez visiter \u00e0 pied la Chora de Kimolos qui est tr\u00e8s proche. L\u00e0, vous admirerez la majestueuse \u00e9glise de Panagia Odigitria. Nous repartons ensuite pour visiter le reste des plages de l&rsquo;\u00eele comme Agios Minas, Goupa Kara et Prasa, la plus belle plage de Kimolos. Apr\u00e8s une courte baignade l\u00e0-bas, nous nous dirigerons vers le nord-est et retournerons \u00e0 la crique de Platis Gialos.<\/p>\n","protected":false},"excerpt":{"rendered":"<p>Duration: 6 hours<\/p>\n<p><strong><em><u>In the prices are included<\/u><\/em><\/strong><em>: Skipper, Fuel, Snacks, Soft drinks and water.<\/em><\/p>\n<p><strong><em>Taxes are not included in the prices<\/em><\/strong><\/p>\n<p><strong><em><u>Passenger amenities<\/u><\/em><\/strong><em>: Masks, Snorkels, Fins, Clean towels upon request (10 euros per person)<\/em><\/p>\n<p><strong><em><u>Marvel 10m rib:<\/u><\/em><\/strong><em> Full sun tent, T-top shower, bucket seats, folding ladders, refrigerator, GPS plotter, VHF radio, electric anchor, USB source, radio, 480 l\u00a0 fuel tank<\/em><\/p>\n<p><strong><em>Extra charge for Pick up\/drop at Vathi Bay\u00a0 50 euros<\/em><\/strong><\/p>\n<p><strong><em>Extra charge for 1 hour more cruising time 80 euros<\/em><\/strong><\/p>\n","protected":false},"featured_media":0,"template":"","meta":{"_acf_changed":false,"site-sidebar-layout":"default","site-content-layout":"","ast-site-content-layout":"default","site-content-style":"default","site-sidebar-style":"default","ast-global-header-display":"","ast-banner-title-visibility":"","ast-main-header-display":"","ast-hfb-above-header-display":"","ast-hfb-below-header-display":"","ast-hfb-mobile-header-display":"","site-post-title":"","ast-breadcrumbs-content":"","ast-featured-img":"","footer-sml-layout":"","theme-transparent-header-meta":"default","adv-header-id-meta":"","stick-header-meta":"","header-above-stick-meta":"","header-main-stick-meta":"","header-below-stick-meta":"","astra-migrate-meta-layouts":"default","ast-page-background-enabled":"default","ast-page-background-meta":{"desktop":{"background-color":"var(--ast-global-color-4)","background-image":"","background-repeat":"repeat","background-position":"center center","background-size":"auto","background-attachment":"scroll","background-type":"","background-media":"","overlay-type":"","overlay-color":"","overlay-opacity":"","overlay-gradient":""},"tablet":{"background-color":"","background-image":"","background-repeat":"repeat","background-position":"center center","background-size":"auto","background-attachment":"scroll","background-type":"","background-media":"","overlay-type":"","overlay-color":"","overlay-opacity":"","overlay-gradient":""},"mobile":{"background-color":"","background-image":"","background-repeat":"repeat","background-position":"center center","background-size":"auto","background-attachment":"scroll","background-type":"","background-media":"","overlay-type":"","overlay-color":"","overlay-opacity":"","overlay-gradient":""}},"ast-content-background-meta":{"desktop":{"background-color":"var(--ast-global-color-5)","background-image":"","background-repeat":"repeat","background-position":"center center","background-size":"auto","background-attachment":"scroll","background-type":"","background-media":"","overlay-type":"","overlay-color":"","overlay-opacity":"","overlay-gradient":""},"tablet":{"background-color":"var(--ast-global-color-5)","background-image":"","background-repeat":"repeat","background-position":"center center","background-size":"auto","background-attachment":"scroll","background-type":"","background-media":"","overlay-type":"","overlay-color":"","overlay-opacity":"","overlay-gradient":""},"mobile":{"background-color":"var(--ast-global-color-5)","background-image":"","background-repeat":"repeat","background-position":"center center","background-size":"auto","background-attachment":"scroll","background-type":"","background-media":"","overlay-type":"","overlay-color":"","overlay-opacity":"","overlay-gradient":""}}},"product_brand":[],"product_cat":[105,87],"product_tag":[],"class_list":{"0":"post-3794","1":"product","2":"type-product","3":"status-publish","5":"product_cat-croisieres-privees-en-rib","6":"product_cat-journee-complete-a-polyaigos-kimolos","7":"desktop-align-left","8":"tablet-align-left","9":"mobile-align-left","10":"ast-product-gallery-layout-horizontal-slider","11":"ast-product-gallery-with-no-image","12":"ast-product-tabs-layout-horizontal","14":"first","15":"instock","16":"taxable","17":"shipping-taxable","18":"purchasable","19":"product-type-simple"},"acf":[],"yoast_head":"<!-- This site is optimized with the Yoast SEO Premium plugin v24.9 (Yoast SEO v24.9) - https:\/\/yoast.com\/wordpress\/plugins\/seo\/ -->\n<title>Bateau priv\u00e9 Marvel 10m (9 personnes) pour une visite en bateau de 6 heures de Sifnos \u00e0 Polyaigos et Kimolos - Bloomarine<\/title>\n<meta name=\"robots\" content=\"index, follow, max-snippet:-1, max-image-preview:large, max-video-preview:-1\" \/>\n<link rel=\"canonical\" href=\"https:\/\/bloomarine.gr\/fr\/product\/marvel-10m-private-boat-9-persons-for-6-hours-boat-tour-sifnos-to-polyaigos-and-kimolos\/\" \/>\n<meta property=\"og:locale\" content=\"fr_FR\" \/>\n<meta property=\"og:type\" content=\"article\" \/>\n<meta property=\"og:title\" content=\"Bateau priv\u00e9 Marvel 10m (9 personnes) pour une visite en bateau de 6 heures de Sifnos \u00e0 Polyaigos et Kimolos\" \/>\n<meta property=\"og:description\" content=\"Duration: 6 hours In the prices are included: Skipper, Fuel, Snacks, Soft drinks and water. Taxes are not included in the prices Passenger amenities: Masks, Snorkels, Fins, Clean towels upon request (10 euros per person) Marvel 10m rib: Full sun tent, T-top shower, bucket seats, folding ladders, refrigerator, GPS plotter, VHF radio, electric anchor, USB source, radio, 480 l\u00a0 fuel tank Extra charge for Pick up\/drop at Vathi Bay\u00a0 50 euros Extra charge for 1 hour more cruising time 80 euros\" \/>\n<meta property=\"og:url\" content=\"https:\/\/bloomarine.gr\/fr\/product\/marvel-10m-private-boat-9-persons-for-6-hours-boat-tour-sifnos-to-polyaigos-and-kimolos\/\" \/>\n<meta property=\"og:site_name\" content=\"Bloomarine\" \/>\n<meta property=\"article:modified_time\" content=\"2024-04-22T15:37:27+00:00\" \/>\n<meta name=\"twitter:card\" content=\"summary_large_image\" \/>\n<meta name=\"twitter:label1\" content=\"Prix\" \/>\n\t<meta name=\"twitter:data1\" content=\"0,00&nbsp;&euro;\" \/>\n\t<meta name=\"twitter:label2\" content=\"Disponibilit\u00e9\" \/>\n\t<meta name=\"twitter:data2\" content=\"En stock\" \/>\n<script type=\"application\/ld+json\" class=\"yoast-schema-graph\">{\"@context\":\"https:\/\/schema.org\",\"@graph\":[{\"@type\":[\"WebPage\",\"ItemPage\"],\"@id\":\"https:\/\/bloomarine.gr\/fr\/product\/marvel-10m-private-boat-9-persons-for-6-hours-boat-tour-sifnos-to-polyaigos-and-kimolos\/\",\"url\":\"https:\/\/bloomarine.gr\/fr\/product\/marvel-10m-private-boat-9-persons-for-6-hours-boat-tour-sifnos-to-polyaigos-and-kimolos\/\",\"name\":\"Bateau priv\u00e9 Marvel 10m (9 personnes) pour une visite en bateau de 6 heures de Sifnos \u00e0 Polyaigos et Kimolos - Bloomarine\",\"isPartOf\":{\"@id\":\"https:\/\/bloomarine.gr\/fr\/#website\"},\"datePublished\":\"2024-03-06T14:27:23+00:00\",\"dateModified\":\"2024-04-22T15:37:27+00:00\",\"breadcrumb\":{\"@id\":\"https:\/\/bloomarine.gr\/fr\/product\/marvel-10m-private-boat-9-persons-for-6-hours-boat-tour-sifnos-to-polyaigos-and-kimolos\/#breadcrumb\"},\"inLanguage\":\"fr-FR\",\"potentialAction\":[{\"@type\":\"ReadAction\",\"target\":[\"https:\/\/bloomarine.gr\/fr\/product\/marvel-10m-private-boat-9-persons-for-6-hours-boat-tour-sifnos-to-polyaigos-and-kimolos\/\"]}]},{\"@type\":\"BreadcrumbList\",\"@id\":\"https:\/\/bloomarine.gr\/fr\/product\/marvel-10m-private-boat-9-persons-for-6-hours-boat-tour-sifnos-to-polyaigos-and-kimolos\/#breadcrumb\",\"itemListElement\":[{\"@type\":\"ListItem\",\"position\":1,\"name\":\"Home\",\"item\":\"https:\/\/bloomarine.gr\/fr\/\"},{\"@type\":\"ListItem\",\"position\":2,\"name\":\"Produits\"},{\"@type\":\"ListItem\",\"position\":3,\"name\":\"Bateau priv\u00e9 Marvel 10m (9 personnes) pour une visite en bateau de 6 heures de Sifnos \u00e0 Polyaigos et Kimolos\"}]},{\"@type\":\"WebSite\",\"@id\":\"https:\/\/bloomarine.gr\/fr\/#website\",\"url\":\"https:\/\/bloomarine.gr\/fr\/\",\"name\":\"Bloomarine\",\"description\":\"Sifnos Boat Rentals Sifnos Cruises Boat Tours\",\"publisher\":{\"@id\":\"https:\/\/bloomarine.gr\/fr\/#organization\"},\"potentialAction\":[{\"@type\":\"SearchAction\",\"target\":{\"@type\":\"EntryPoint\",\"urlTemplate\":\"https:\/\/bloomarine.gr\/fr\/?s={search_term_string}\"},\"query-input\":{\"@type\":\"PropertyValueSpecification\",\"valueRequired\":true,\"valueName\":\"search_term_string\"}}],\"inLanguage\":\"fr-FR\"},{\"@type\":\"Organization\",\"@id\":\"https:\/\/bloomarine.gr\/fr\/#organization\",\"name\":\"Bloomarine\",\"url\":\"https:\/\/bloomarine.gr\/fr\/\",\"logo\":{\"@type\":\"ImageObject\",\"inLanguage\":\"fr-FR\",\"@id\":\"https:\/\/bloomarine.gr\/fr\/#\/schema\/logo\/image\/\",\"url\":\"https:\/\/bloomarine.gr\/wp-content\/uploads\/2024\/01\/logo-bloomarine-2.png\",\"contentUrl\":\"https:\/\/bloomarine.gr\/wp-content\/uploads\/2024\/01\/logo-bloomarine-2.png\",\"width\":230,\"height\":200,\"caption\":\"Bloomarine\"},\"image\":{\"@id\":\"https:\/\/bloomarine.gr\/fr\/#\/schema\/logo\/image\/\"}}]}<\/script>\n<meta property=\"product:price:amount\" content=\"0.00\" \/>\n<meta property=\"product:price:currency\" content=\"EUR\" \/>\n<meta property=\"og:availability\" content=\"instock\" \/>\n<meta property=\"product:availability\" content=\"instock\" \/>\n<meta property=\"product:condition\" content=\"new\" \/>\n<!-- \/ Yoast SEO Premium plugin. -->","yoast_head_json":{"title":"Bateau priv\u00e9 Marvel 10m (9 personnes) pour une visite en bateau de 6 heures de Sifnos \u00e0 Polyaigos et Kimolos - Bloomarine","robots":{"index":"index","follow":"follow","max-snippet":"max-snippet:-1","max-image-preview":"max-image-preview:large","max-video-preview":"max-video-preview:-1"},"canonical":"https:\/\/bloomarine.gr\/fr\/product\/marvel-10m-private-boat-9-persons-for-6-hours-boat-tour-sifnos-to-polyaigos-and-kimolos\/","og_locale":"fr_FR","og_type":"article","og_title":"Bateau priv\u00e9 Marvel 10m (9 personnes) pour une visite en bateau de 6 heures de Sifnos \u00e0 Polyaigos et Kimolos","og_description":"Duration: 6 hours In the prices are included: Skipper, Fuel, Snacks, Soft drinks and water. Taxes are not included in the prices Passenger amenities: Masks, Snorkels, Fins, Clean towels upon request (10 euros per person) Marvel 10m rib: Full sun tent, T-top shower, bucket seats, folding ladders, refrigerator, GPS plotter, VHF radio, electric anchor, USB source, radio, 480 l\u00a0 fuel tank Extra charge for Pick up\/drop at Vathi Bay\u00a0 50 euros Extra charge for 1 hour more cruising time 80 euros","og_url":"https:\/\/bloomarine.gr\/fr\/product\/marvel-10m-private-boat-9-persons-for-6-hours-boat-tour-sifnos-to-polyaigos-and-kimolos\/","og_site_name":"Bloomarine","article_modified_time":"2024-04-22T15:37:27+00:00","twitter_card":"summary_large_image","twitter_misc":{"Prix":"0,00&nbsp;&euro;","Disponibilit\u00e9":"En stock"},"schema":{"@context":"https:\/\/schema.org","@graph":[{"@type":["WebPage","ItemPage"],"@id":"https:\/\/bloomarine.gr\/fr\/product\/marvel-10m-private-boat-9-persons-for-6-hours-boat-tour-sifnos-to-polyaigos-and-kimolos\/","url":"https:\/\/bloomarine.gr\/fr\/product\/marvel-10m-private-boat-9-persons-for-6-hours-boat-tour-sifnos-to-polyaigos-and-kimolos\/","name":"Bateau priv\u00e9 Marvel 10m (9 personnes) pour une visite en bateau de 6 heures de Sifnos \u00e0 Polyaigos et Kimolos - Bloomarine","isPartOf":{"@id":"https:\/\/bloomarine.gr\/fr\/#website"},"datePublished":"2024-03-06T14:27:23+00:00","dateModified":"2024-04-22T15:37:27+00:00","breadcrumb":{"@id":"https:\/\/bloomarine.gr\/fr\/product\/marvel-10m-private-boat-9-persons-for-6-hours-boat-tour-sifnos-to-polyaigos-and-kimolos\/#breadcrumb"},"inLanguage":"fr-FR","potentialAction":[{"@type":"ReadAction","target":["https:\/\/bloomarine.gr\/fr\/product\/marvel-10m-private-boat-9-persons-for-6-hours-boat-tour-sifnos-to-polyaigos-and-kimolos\/"]}]},{"@type":"BreadcrumbList","@id":"https:\/\/bloomarine.gr\/fr\/product\/marvel-10m-private-boat-9-persons-for-6-hours-boat-tour-sifnos-to-polyaigos-and-kimolos\/#breadcrumb","itemListElement":[{"@type":"ListItem","position":1,"name":"Home","item":"https:\/\/bloomarine.gr\/fr\/"},{"@type":"ListItem","position":2,"name":"Produits"},{"@type":"ListItem","position":3,"name":"Bateau priv\u00e9 Marvel 10m (9 personnes) pour une visite en bateau de 6 heures de Sifnos \u00e0 Polyaigos et Kimolos"}]},{"@type":"WebSite","@id":"https:\/\/bloomarine.gr\/fr\/#website","url":"https:\/\/bloomarine.gr\/fr\/","name":"Bloomarine","description":"Sifnos Boat Rentals Sifnos Cruises Boat Tours","publisher":{"@id":"https:\/\/bloomarine.gr\/fr\/#organization"},"potentialAction":[{"@type":"SearchAction","target":{"@type":"EntryPoint","urlTemplate":"https:\/\/bloomarine.gr\/fr\/?s={search_term_string}"},"query-input":{"@type":"PropertyValueSpecification","valueRequired":true,"valueName":"search_term_string"}}],"inLanguage":"fr-FR"},{"@type":"Organization","@id":"https:\/\/bloomarine.gr\/fr\/#organization","name":"Bloomarine","url":"https:\/\/bloomarine.gr\/fr\/","logo":{"@type":"ImageObject","inLanguage":"fr-FR","@id":"https:\/\/bloomarine.gr\/fr\/#\/schema\/logo\/image\/","url":"https:\/\/bloomarine.gr\/wp-content\/uploads\/2024\/01\/logo-bloomarine-2.png","contentUrl":"https:\/\/bloomarine.gr\/wp-content\/uploads\/2024\/01\/logo-bloomarine-2.png","width":230,"height":200,"caption":"Bloomarine"},"image":{"@id":"https:\/\/bloomarine.gr\/fr\/#\/schema\/logo\/image\/"}}]},"product_price_amount":"0.00","product_price_currency":"EUR","og_availability":"instock","product_availability":"instock","product_condition":"new"},"_links":{"self":[{"href":"https:\/\/bloomarine.gr\/fr\/wp-json\/wp\/v2\/product\/3794","targetHints":{"allow":["GET"]}}],"collection":[{"href":"https:\/\/bloomarine.gr\/fr\/wp-json\/wp\/v2\/product"}],"about":[{"href":"https:\/\/bloomarine.gr\/fr\/wp-json\/wp\/v2\/types\/product"}],"wp:attachment":[{"href":"https:\/\/bloomarine.gr\/fr\/wp-json\/wp\/v2\/media?parent=3794"}],"wp:term":[{"taxonomy":"product_brand","embeddable":true,"href":"https:\/\/bloomarine.gr\/fr\/wp-json\/wp\/v2\/product_brand?post=3794"},{"taxonomy":"product_cat","embeddable":true,"href":"https:\/\/bloomarine.gr\/fr\/wp-json\/wp\/v2\/product_cat?post=3794"},{"taxonomy":"product_tag","embeddable":true,"href":"https:\/\/bloomarine.gr\/fr\/wp-json\/wp\/v2\/product_tag?post=3794"}],"curies":[{"name":"wp","href":"https:\/\/api.w.org\/{rel}","templated":true}]}}