{"id":3798,"date":"2024-03-06T16:17:20","date_gmt":"2024-03-06T14:17:20","guid":{"rendered":"https:\/\/bloomarine.gr\/product\/marvel-10m-private-boat-for-8-hours-trip-all-around-sifnos-9-persons\/"},"modified":"2024-04-22T18:37:29","modified_gmt":"2024-04-22T15:37:29","slug":"marvel-10m-private-boat-for-8-hours-trip-all-around-sifnos-9-persons","status":"publish","type":"product","link":"https:\/\/bloomarine.gr\/fr\/product\/marvel-10m-private-boat-for-8-hours-trip-all-around-sifnos-9-persons\/","title":{"rendered":"Bateau priv\u00e9 Marvel 10m pour une excursion de 8 heures autour de Sifnos (9 personnes)"},"content":{"rendered":"<p><a href=\"https:\/\/bloomarine.gr\/fr\/full-day-sifnos-island-private-cruise-boat-tour\/\">Croisi\u00e8res\/tours priv\u00e9s d&rsquo;une journ\u00e9e compl\u00e8te autour de l&rsquo;\u00eele de Sifnos<\/a> : Le tour de Sifnos en une journ\u00e9e<\/p>\n<p>Nous partons de la marina de Platis Gialos en direction du sud-ouest et nous nous retrouvons dans le d\u00e9troit entre Sifnos et l&rsquo;\u00eele inhabit\u00e9e de Kitriani, avec l&rsquo;\u00e9glise de grande valeur historique portant le m\u00eame nom.<\/p>\n<p>En poursuivant notre route, nous atteignons le promontoire de Kontou et, en entrant, nous voyons \u00e0 notre gauche l&rsquo;\u00e9glise d&rsquo;Agios Georgios et, en arri\u00e8re-plan, la plage de sable de Fikiada o\u00f9 nous pouvons profiter de notre premi\u00e8re plong\u00e9e.<\/p>\n<p>De l\u00e0, nous nous dirigeons vers la crique de Vathi, une crique ferm\u00e9e avec des tavernes traditionnelles et une plage prot\u00e9g\u00e9e du vent. En continuant \u00e0 droite, nous trouvons d&rsquo;autres plages et apr\u00e8s quelques minutes, nous arrivons au port principal de Sifnos, Kamares. L\u00e0, nous admirerons les \u00e9glises de Profitis Ilias et d&rsquo;Agios Simeon au sommet de la montagne.<\/p>\n<p>Ensuite, nous arrivons \u00e0 la crique de Vroulidia, une petite plage magnifique aux eaux bleues aqua o\u00f9 nous pouvons d\u00e9jeuner. L&rsquo;arr\u00eat suivant est la crique de Heronissos, une petite plage pittoresque avec une multitude de bateaux de p\u00eache. En laissant Heronissos derri\u00e8re nous, nous passons plusieurs baies comme Vlihada et le c\u00e9l\u00e8bre promontoire d&rsquo;Agios Sostis, connu pour ses mines depuis l&rsquo;antiquit\u00e9.<\/p>\n<p>Dans quelques minutes, nous verrons l&rsquo;\u00e9glise de Panagia Poulati et de l\u00e0, en gardant le cap au sud, nous continuons vers Kastro et la plage de Seralia o\u00f9 nous pouvons nous arr\u00eater pour une rapide plong\u00e9e dans ces eaux d&rsquo;une propret\u00e9 \u00e9tincelante.<\/p>\n<p>En continuant vers le sud-ouest cette fois, nous tombons sur les 3 plages align\u00e9es l&rsquo;une apr\u00e8s l&rsquo;autre, Pharos, Fasolou et Glifos. Un arr\u00eat ici est indispensable pour une plong\u00e9e dans ces 3 plages prot\u00e9g\u00e9es du vent.<\/p>\n<p>Ce que nous voyons ensuite est le promontoire avec le magnifique monast\u00e8re de Chrisopigi perch\u00e9 majestueusement sur le rocher coup\u00e9 et \u00e0 notre droite, nous voyons la plage d&rsquo;Apokoftos avec ses eaux \u00e9meraude d&rsquo;une propret\u00e9 \u00e9tincelante.<\/p>\n<p>Enfin, apr\u00e8s Chrisopigi, nous terminons notre tour en retournant \u00e0 la marina de Platis Gialos !<\/p>\n","protected":false},"excerpt":{"rendered":"<div class=\"bg-info\">\n<div class=\"bg-info\">\n<p>Duration: 8 hours<\/p>\n<p><strong><em><u>In the prices are included<\/u><\/em><\/strong><em>: Skipper, Fuel, Snacks, Soft drinks and water.<\/em><\/p>\n<p><strong><em>Taxes are not included in the prices<\/em><\/strong><\/p>\n<p><strong><em><u>Passenger amenities<\/u><\/em><\/strong><em>: Masks, Snorkels, Fins, Clean towels upon request (10 euros per person)<\/em><\/p>\n<p><strong><em><u>Marvel 10m rib:<\/u><\/em><\/strong><em> Full sun tent, T-top shower, bucket seats, folding ladders, refrigerator, GPS plotter, VHF radio, electric anchor, USB source, radio, 480 l\u00a0 fuel tank<\/em><\/p>\n<p><strong><em>Extra charge for Pick up\/drop at Vathi Bay\u00a0 50 euros<\/em><\/strong><\/p>\n<p><strong><em>Extra charge for 1 hour more cruising time 80 euros<\/em><\/strong><\/p>\n<\/div>\n<\/div>\n","protected":false},"featured_media":0,"template":"","meta":{"_acf_changed":false,"site-sidebar-layout":"default","site-content-layout":"","ast-site-content-layout":"default","site-content-style":"default","site-sidebar-style":"default","ast-global-header-display":"","ast-banner-title-visibility":"","ast-main-header-display":"","ast-hfb-above-header-display":"","ast-hfb-below-header-display":"","ast-hfb-mobile-header-display":"","site-post-title":"","ast-breadcrumbs-content":"","ast-featured-img":"","footer-sml-layout":"","theme-transparent-header-meta":"default","adv-header-id-meta":"","stick-header-meta":"","header-above-stick-meta":"","header-main-stick-meta":"","header-below-stick-meta":"","astra-migrate-meta-layouts":"default","ast-page-background-enabled":"default","ast-page-background-meta":{"desktop":{"background-color":"var(--ast-global-color-4)","background-image":"","background-repeat":"repeat","background-position":"center center","background-size":"auto","background-attachment":"scroll","background-type":"","background-media":"","overlay-type":"","overlay-color":"","overlay-opacity":"","overlay-gradient":""},"tablet":{"background-color":"","background-image":"","background-repeat":"repeat","background-position":"center center","background-size":"auto","background-attachment":"scroll","background-type":"","background-media":"","overlay-type":"","overlay-color":"","overlay-opacity":"","overlay-gradient":""},"mobile":{"background-color":"","background-image":"","background-repeat":"repeat","background-position":"center center","background-size":"auto","background-attachment":"scroll","background-type":"","background-media":"","overlay-type":"","overlay-color":"","overlay-opacity":"","overlay-gradient":""}},"ast-content-background-meta":{"desktop":{"background-color":"var(--ast-global-color-5)","background-image":"","background-repeat":"repeat","background-position":"center center","background-size":"auto","background-attachment":"scroll","background-type":"","background-media":"","overlay-type":"","overlay-color":"","overlay-opacity":"","overlay-gradient":""},"tablet":{"background-color":"var(--ast-global-color-5)","background-image":"","background-repeat":"repeat","background-position":"center center","background-size":"auto","background-attachment":"scroll","background-type":"","background-media":"","overlay-type":"","overlay-color":"","overlay-opacity":"","overlay-gradient":""},"mobile":{"background-color":"var(--ast-global-color-5)","background-image":"","background-repeat":"repeat","background-position":"center center","background-size":"auto","background-attachment":"scroll","background-type":"","background-media":"","overlay-type":"","overlay-color":"","overlay-opacity":"","overlay-gradient":""}}},"product_brand":[],"product_cat":[105,103],"product_tag":[],"class_list":{"0":"post-3798","1":"product","2":"type-product","3":"status-publish","5":"product_cat-croisieres-privees-en-rib","6":"product_cat-journee-complete-autour-de-sifnos","7":"desktop-align-left","8":"tablet-align-left","9":"mobile-align-left","10":"ast-product-gallery-layout-horizontal-slider","11":"ast-product-gallery-with-no-image","12":"ast-product-tabs-layout-horizontal","14":"first","15":"instock","16":"taxable","17":"shipping-taxable","18":"purchasable","19":"product-type-simple"},"acf":[],"yoast_head":"<!-- This site is optimized with the Yoast SEO Premium plugin v24.9 (Yoast SEO v24.9) - https:\/\/yoast.com\/wordpress\/plugins\/seo\/ -->\n<title>Bateau priv\u00e9 Marvel 10m pour une excursion de 8 heures autour de Sifnos (9 personnes) - Bloomarine<\/title>\n<meta name=\"robots\" content=\"index, follow, max-snippet:-1, max-image-preview:large, max-video-preview:-1\" \/>\n<link rel=\"canonical\" href=\"https:\/\/bloomarine.gr\/fr\/product\/marvel-10m-private-boat-for-8-hours-trip-all-around-sifnos-9-persons\/\" \/>\n<meta property=\"og:locale\" content=\"fr_FR\" \/>\n<meta property=\"og:type\" content=\"article\" \/>\n<meta property=\"og:title\" content=\"Bateau priv\u00e9 Marvel 10m pour une excursion de 8 heures autour de Sifnos (9 personnes)\" \/>\n<meta property=\"og:description\" content=\"Duration: 8 hours In the prices are included: Skipper, Fuel, Snacks, Soft drinks and water. Taxes are not included in the prices Passenger amenities: Masks, Snorkels, Fins, Clean towels upon request (10 euros per person) Marvel 10m rib: Full sun tent, T-top shower, bucket seats, folding ladders, refrigerator, GPS plotter, VHF radio, electric anchor, USB source, radio, 480 l\u00a0 fuel tank Extra charge for Pick up\/drop at Vathi Bay\u00a0 50 euros Extra charge for 1 hour more cruising time 80 euros\" \/>\n<meta property=\"og:url\" content=\"https:\/\/bloomarine.gr\/fr\/product\/marvel-10m-private-boat-for-8-hours-trip-all-around-sifnos-9-persons\/\" \/>\n<meta property=\"og:site_name\" content=\"Bloomarine\" \/>\n<meta property=\"article:modified_time\" content=\"2024-04-22T15:37:29+00:00\" \/>\n<meta name=\"twitter:card\" content=\"summary_large_image\" \/>\n<meta name=\"twitter:label1\" content=\"Prix\" \/>\n\t<meta name=\"twitter:data1\" content=\"0,00&nbsp;&euro;\" \/>\n\t<meta name=\"twitter:label2\" content=\"Disponibilit\u00e9\" \/>\n\t<meta name=\"twitter:data2\" content=\"En stock\" \/>\n<script type=\"application\/ld+json\" class=\"yoast-schema-graph\">{\"@context\":\"https:\/\/schema.org\",\"@graph\":[{\"@type\":[\"WebPage\",\"ItemPage\"],\"@id\":\"https:\/\/bloomarine.gr\/fr\/product\/marvel-10m-private-boat-for-8-hours-trip-all-around-sifnos-9-persons\/\",\"url\":\"https:\/\/bloomarine.gr\/fr\/product\/marvel-10m-private-boat-for-8-hours-trip-all-around-sifnos-9-persons\/\",\"name\":\"Bateau priv\u00e9 Marvel 10m pour une excursion de 8 heures autour de Sifnos (9 personnes) - Bloomarine\",\"isPartOf\":{\"@id\":\"https:\/\/bloomarine.gr\/fr\/#website\"},\"datePublished\":\"2024-03-06T14:17:20+00:00\",\"dateModified\":\"2024-04-22T15:37:29+00:00\",\"breadcrumb\":{\"@id\":\"https:\/\/bloomarine.gr\/fr\/product\/marvel-10m-private-boat-for-8-hours-trip-all-around-sifnos-9-persons\/#breadcrumb\"},\"inLanguage\":\"fr-FR\",\"potentialAction\":[{\"@type\":\"ReadAction\",\"target\":[\"https:\/\/bloomarine.gr\/fr\/product\/marvel-10m-private-boat-for-8-hours-trip-all-around-sifnos-9-persons\/\"]}]},{\"@type\":\"BreadcrumbList\",\"@id\":\"https:\/\/bloomarine.gr\/fr\/product\/marvel-10m-private-boat-for-8-hours-trip-all-around-sifnos-9-persons\/#breadcrumb\",\"itemListElement\":[{\"@type\":\"ListItem\",\"position\":1,\"name\":\"Home\",\"item\":\"https:\/\/bloomarine.gr\/fr\/\"},{\"@type\":\"ListItem\",\"position\":2,\"name\":\"Produits\"},{\"@type\":\"ListItem\",\"position\":3,\"name\":\"Bateau priv\u00e9 Marvel 10m pour une excursion de 8 heures autour de Sifnos (9 personnes)\"}]},{\"@type\":\"WebSite\",\"@id\":\"https:\/\/bloomarine.gr\/fr\/#website\",\"url\":\"https:\/\/bloomarine.gr\/fr\/\",\"name\":\"Bloomarine\",\"description\":\"Sifnos Boat Rentals Sifnos Cruises Boat Tours\",\"publisher\":{\"@id\":\"https:\/\/bloomarine.gr\/fr\/#organization\"},\"potentialAction\":[{\"@type\":\"SearchAction\",\"target\":{\"@type\":\"EntryPoint\",\"urlTemplate\":\"https:\/\/bloomarine.gr\/fr\/?s={search_term_string}\"},\"query-input\":{\"@type\":\"PropertyValueSpecification\",\"valueRequired\":true,\"valueName\":\"search_term_string\"}}],\"inLanguage\":\"fr-FR\"},{\"@type\":\"Organization\",\"@id\":\"https:\/\/bloomarine.gr\/fr\/#organization\",\"name\":\"Bloomarine\",\"url\":\"https:\/\/bloomarine.gr\/fr\/\",\"logo\":{\"@type\":\"ImageObject\",\"inLanguage\":\"fr-FR\",\"@id\":\"https:\/\/bloomarine.gr\/fr\/#\/schema\/logo\/image\/\",\"url\":\"https:\/\/bloomarine.gr\/wp-content\/uploads\/2024\/01\/logo-bloomarine-2.png\",\"contentUrl\":\"https:\/\/bloomarine.gr\/wp-content\/uploads\/2024\/01\/logo-bloomarine-2.png\",\"width\":230,\"height\":200,\"caption\":\"Bloomarine\"},\"image\":{\"@id\":\"https:\/\/bloomarine.gr\/fr\/#\/schema\/logo\/image\/\"}}]}<\/script>\n<meta property=\"product:price:amount\" content=\"0.00\" \/>\n<meta property=\"product:price:currency\" content=\"EUR\" \/>\n<meta property=\"og:availability\" content=\"instock\" \/>\n<meta property=\"product:availability\" content=\"instock\" \/>\n<meta property=\"product:condition\" content=\"new\" \/>\n<!-- \/ Yoast SEO Premium plugin. -->","yoast_head_json":{"title":"Bateau priv\u00e9 Marvel 10m pour une excursion de 8 heures autour de Sifnos (9 personnes) - Bloomarine","robots":{"index":"index","follow":"follow","max-snippet":"max-snippet:-1","max-image-preview":"max-image-preview:large","max-video-preview":"max-video-preview:-1"},"canonical":"https:\/\/bloomarine.gr\/fr\/product\/marvel-10m-private-boat-for-8-hours-trip-all-around-sifnos-9-persons\/","og_locale":"fr_FR","og_type":"article","og_title":"Bateau priv\u00e9 Marvel 10m pour une excursion de 8 heures autour de Sifnos (9 personnes)","og_description":"Duration: 8 hours In the prices are included: Skipper, Fuel, Snacks, Soft drinks and water. Taxes are not included in the prices Passenger amenities: Masks, Snorkels, Fins, Clean towels upon request (10 euros per person) Marvel 10m rib: Full sun tent, T-top shower, bucket seats, folding ladders, refrigerator, GPS plotter, VHF radio, electric anchor, USB source, radio, 480 l\u00a0 fuel tank Extra charge for Pick up\/drop at Vathi Bay\u00a0 50 euros Extra charge for 1 hour more cruising time 80 euros","og_url":"https:\/\/bloomarine.gr\/fr\/product\/marvel-10m-private-boat-for-8-hours-trip-all-around-sifnos-9-persons\/","og_site_name":"Bloomarine","article_modified_time":"2024-04-22T15:37:29+00:00","twitter_card":"summary_large_image","twitter_misc":{"Prix":"0,00&nbsp;&euro;","Disponibilit\u00e9":"En stock"},"schema":{"@context":"https:\/\/schema.org","@graph":[{"@type":["WebPage","ItemPage"],"@id":"https:\/\/bloomarine.gr\/fr\/product\/marvel-10m-private-boat-for-8-hours-trip-all-around-sifnos-9-persons\/","url":"https:\/\/bloomarine.gr\/fr\/product\/marvel-10m-private-boat-for-8-hours-trip-all-around-sifnos-9-persons\/","name":"Bateau priv\u00e9 Marvel 10m pour une excursion de 8 heures autour de Sifnos (9 personnes) - Bloomarine","isPartOf":{"@id":"https:\/\/bloomarine.gr\/fr\/#website"},"datePublished":"2024-03-06T14:17:20+00:00","dateModified":"2024-04-22T15:37:29+00:00","breadcrumb":{"@id":"https:\/\/bloomarine.gr\/fr\/product\/marvel-10m-private-boat-for-8-hours-trip-all-around-sifnos-9-persons\/#breadcrumb"},"inLanguage":"fr-FR","potentialAction":[{"@type":"ReadAction","target":["https:\/\/bloomarine.gr\/fr\/product\/marvel-10m-private-boat-for-8-hours-trip-all-around-sifnos-9-persons\/"]}]},{"@type":"BreadcrumbList","@id":"https:\/\/bloomarine.gr\/fr\/product\/marvel-10m-private-boat-for-8-hours-trip-all-around-sifnos-9-persons\/#breadcrumb","itemListElement":[{"@type":"ListItem","position":1,"name":"Home","item":"https:\/\/bloomarine.gr\/fr\/"},{"@type":"ListItem","position":2,"name":"Produits"},{"@type":"ListItem","position":3,"name":"Bateau priv\u00e9 Marvel 10m pour une excursion de 8 heures autour de Sifnos (9 personnes)"}]},{"@type":"WebSite","@id":"https:\/\/bloomarine.gr\/fr\/#website","url":"https:\/\/bloomarine.gr\/fr\/","name":"Bloomarine","description":"Sifnos Boat Rentals Sifnos Cruises Boat Tours","publisher":{"@id":"https:\/\/bloomarine.gr\/fr\/#organization"},"potentialAction":[{"@type":"SearchAction","target":{"@type":"EntryPoint","urlTemplate":"https:\/\/bloomarine.gr\/fr\/?s={search_term_string}"},"query-input":{"@type":"PropertyValueSpecification","valueRequired":true,"valueName":"search_term_string"}}],"inLanguage":"fr-FR"},{"@type":"Organization","@id":"https:\/\/bloomarine.gr\/fr\/#organization","name":"Bloomarine","url":"https:\/\/bloomarine.gr\/fr\/","logo":{"@type":"ImageObject","inLanguage":"fr-FR","@id":"https:\/\/bloomarine.gr\/fr\/#\/schema\/logo\/image\/","url":"https:\/\/bloomarine.gr\/wp-content\/uploads\/2024\/01\/logo-bloomarine-2.png","contentUrl":"https:\/\/bloomarine.gr\/wp-content\/uploads\/2024\/01\/logo-bloomarine-2.png","width":230,"height":200,"caption":"Bloomarine"},"image":{"@id":"https:\/\/bloomarine.gr\/fr\/#\/schema\/logo\/image\/"}}]},"product_price_amount":"0.00","product_price_currency":"EUR","og_availability":"instock","product_availability":"instock","product_condition":"new"},"_links":{"self":[{"href":"https:\/\/bloomarine.gr\/fr\/wp-json\/wp\/v2\/product\/3798","targetHints":{"allow":["GET"]}}],"collection":[{"href":"https:\/\/bloomarine.gr\/fr\/wp-json\/wp\/v2\/product"}],"about":[{"href":"https:\/\/bloomarine.gr\/fr\/wp-json\/wp\/v2\/types\/product"}],"wp:attachment":[{"href":"https:\/\/bloomarine.gr\/fr\/wp-json\/wp\/v2\/media?parent=3798"}],"wp:term":[{"taxonomy":"product_brand","embeddable":true,"href":"https:\/\/bloomarine.gr\/fr\/wp-json\/wp\/v2\/product_brand?post=3798"},{"taxonomy":"product_cat","embeddable":true,"href":"https:\/\/bloomarine.gr\/fr\/wp-json\/wp\/v2\/product_cat?post=3798"},{"taxonomy":"product_tag","embeddable":true,"href":"https:\/\/bloomarine.gr\/fr\/wp-json\/wp\/v2\/product_tag?post=3798"}],"curies":[{"name":"wp","href":"https:\/\/api.w.org\/{rel}","templated":true}]}}