{"id":3806,"date":"2024-03-06T03:09:03","date_gmt":"2024-03-06T01:09:03","guid":{"rendered":"https:\/\/bloomarine.gr\/product\/6-hours-sifnos-half-day-up-to-9-persons-marvel-10m\/"},"modified":"2024-04-22T18:37:33","modified_gmt":"2024-04-22T15:37:33","slug":"6-hours-sifnos-half-day-up-to-9-persons-marvel-10m","status":"publish","type":"product","link":"https:\/\/bloomarine.gr\/fr\/product\/6-hours-sifnos-half-day-up-to-9-persons-marvel-10m\/","title":{"rendered":"Excursion d&rsquo;une demi-journ\u00e9e \u00e0 Sifnos jusqu&rsquo;\u00e0 9 personnes (Marvel 10m)"},"content":{"rendered":"<p>Nous partons de la marina de Platios Gialos et nous dirigeons vers l&rsquo;\u00eele inhabit\u00e9e de Kitriani avec l&rsquo;\u00e9glise homonyme d&rsquo;une grande importance historique. L\u00e0, nous profiterons du petit chemin traditionnel qui m\u00e8ne \u00e0 l&rsquo;\u00e9glise ainsi que d&rsquo;une br\u00e8ve description de l&rsquo;\u00eele.<\/p>\n<p>Continuant notre parcours, nous visiterons 2 petites mais magnifiques criques \u00e0 proximit\u00e9 de Kitriani, Charlie et Chlakopo, avec de merveilleuses eaux qui rendent notre baignade accessible uniquement en bateau. Apr\u00e8s cela, il est temps de visiter le cap de Kontos, o\u00f9 \u00e0 gauche \u00e0 l&rsquo;entr\u00e9e nous voyons l&rsquo;\u00e9glise d&rsquo;Ag. Georges et en arri\u00e8re-plan la plage de sable de Fykiada o\u00f9 nous poursuivrons notre baignade. En partant, nous nous dirigeons vers le nord vers la plage de Vlychada dans la partie ouest de Sifnos accessible uniquement en bateau ou par un chemin tr\u00e8s difficile. La plage est compos\u00e9e de sable et de galets et la tr\u00e8s petite crique qui existe avec les eaux calmes et vertes nous pr\u00e9disposera \u00e0 une autre baignade pendant que vous d\u00e9gusterez une vari\u00e9t\u00e9 de fromages et de charcuteries en buvant votre vin. En partant, nous d\u00e9couvrirons toute la partie ouest de l&rsquo;\u00eele, rencontrant diverses criques, nous observerons les c\u00f4tes environnantes avec des couleurs uniques et des petites grottes \u00e9parses. Nous ferons notre dernier arr\u00eat \u00e0 la plage de Vlassi pour nous rafra\u00eechir \u00e0 nouveau dans la crique abrit\u00e9e, puis nous commencerons notre retour \u00e0 la marina du grand large.<\/p>\n","protected":false},"excerpt":{"rendered":"<p>Duration: 6 hours<\/p>\n<p><strong><em><u>In the prices are included<\/u><\/em><\/strong><em>: Skipper, Fuel, Snacks, Soft drinks and water.<\/em><\/p>\n<p><strong><em>Taxes are not included in the prices<\/em><\/strong><\/p>\n<p><strong><em><u>Passenger amenities<\/u><\/em><\/strong><em>: Masks, Snorkels, Fins, Clean towels upon request (10 euros per person)<\/em><\/p>\n<p><strong><em><u>Marvel 10m rib:<\/u><\/em><\/strong><em> Full sun tent, T-top shower, bucket seats, folding ladders, refrigerator, GPS plotter, VHF radio, electric anchor, USB source, radio, 480 l\u00a0 fuel tank<\/em><\/p>\n<p><strong><em>Extra charge for Pick up\/drop at Vathi Bay\u00a0 50 euros<\/em><\/strong><\/p>\n<p><strong><em>Extra charge for 1 hour more cruising time 80 euros<\/em><\/strong><\/p>\n","protected":false},"featured_media":0,"template":"","meta":{"_acf_changed":false,"site-sidebar-layout":"default","site-content-layout":"","ast-site-content-layout":"default","site-content-style":"default","site-sidebar-style":"default","ast-global-header-display":"","ast-banner-title-visibility":"","ast-main-header-display":"","ast-hfb-above-header-display":"","ast-hfb-below-header-display":"","ast-hfb-mobile-header-display":"","site-post-title":"","ast-breadcrumbs-content":"","ast-featured-img":"","footer-sml-layout":"","theme-transparent-header-meta":"default","adv-header-id-meta":"","stick-header-meta":"","header-above-stick-meta":"","header-main-stick-meta":"","header-below-stick-meta":"","astra-migrate-meta-layouts":"default","ast-page-background-enabled":"default","ast-page-background-meta":{"desktop":{"background-color":"var(--ast-global-color-4)","background-image":"","background-repeat":"repeat","background-position":"center center","background-size":"auto","background-attachment":"scroll","background-type":"","background-media":"","overlay-type":"","overlay-color":"","overlay-opacity":"","overlay-gradient":""},"tablet":{"background-color":"","background-image":"","background-repeat":"repeat","background-position":"center center","background-size":"auto","background-attachment":"scroll","background-type":"","background-media":"","overlay-type":"","overlay-color":"","overlay-opacity":"","overlay-gradient":""},"mobile":{"background-color":"","background-image":"","background-repeat":"repeat","background-position":"center center","background-size":"auto","background-attachment":"scroll","background-type":"","background-media":"","overlay-type":"","overlay-color":"","overlay-opacity":"","overlay-gradient":""}},"ast-content-background-meta":{"desktop":{"background-color":"var(--ast-global-color-5)","background-image":"","background-repeat":"repeat","background-position":"center center","background-size":"auto","background-attachment":"scroll","background-type":"","background-media":"","overlay-type":"","overlay-color":"","overlay-opacity":"","overlay-gradient":""},"tablet":{"background-color":"var(--ast-global-color-5)","background-image":"","background-repeat":"repeat","background-position":"center center","background-size":"auto","background-attachment":"scroll","background-type":"","background-media":"","overlay-type":"","overlay-color":"","overlay-opacity":"","overlay-gradient":""},"mobile":{"background-color":"var(--ast-global-color-5)","background-image":"","background-repeat":"repeat","background-position":"center center","background-size":"auto","background-attachment":"scroll","background-type":"","background-media":"","overlay-type":"","overlay-color":"","overlay-opacity":"","overlay-gradient":""}}},"product_brand":[],"product_cat":[105,83],"product_tag":[],"class_list":{"0":"post-3806","1":"product","2":"type-product","3":"status-publish","5":"product_cat-croisieres-privees-en-rib","6":"product_cat-demi-journee-a-sifnos","7":"desktop-align-left","8":"tablet-align-left","9":"mobile-align-left","10":"ast-product-gallery-layout-horizontal-slider","11":"ast-product-gallery-with-no-image","12":"ast-product-tabs-layout-horizontal","14":"first","15":"instock","16":"taxable","17":"shipping-taxable","18":"purchasable","19":"product-type-simple"},"acf":[],"yoast_head":"<!-- This site is optimized with the Yoast SEO Premium plugin v24.9 (Yoast SEO v24.9) - https:\/\/yoast.com\/wordpress\/plugins\/seo\/ -->\n<title>Excursion d&#039;une demi-journ\u00e9e \u00e0 Sifnos jusqu&#039;\u00e0 9 personnes (Marvel 10m) - Bloomarine<\/title>\n<meta name=\"robots\" content=\"index, follow, max-snippet:-1, max-image-preview:large, max-video-preview:-1\" \/>\n<link rel=\"canonical\" href=\"https:\/\/bloomarine.gr\/fr\/product\/6-hours-sifnos-half-day-up-to-9-persons-marvel-10m\/\" \/>\n<meta property=\"og:locale\" content=\"fr_FR\" \/>\n<meta property=\"og:type\" content=\"article\" \/>\n<meta property=\"og:title\" content=\"Excursion d&#039;une demi-journ\u00e9e \u00e0 Sifnos jusqu&#039;\u00e0 9 personnes (Marvel 10m)\" \/>\n<meta property=\"og:description\" content=\"Duration: 6 hours In the prices are included: Skipper, Fuel, Snacks, Soft drinks and water. Taxes are not included in the prices Passenger amenities: Masks, Snorkels, Fins, Clean towels upon request (10 euros per person) Marvel 10m rib: Full sun tent, T-top shower, bucket seats, folding ladders, refrigerator, GPS plotter, VHF radio, electric anchor, USB source, radio, 480 l\u00a0 fuel tank Extra charge for Pick up\/drop at Vathi Bay\u00a0 50 euros Extra charge for 1 hour more cruising time 80 euros\" \/>\n<meta property=\"og:url\" content=\"https:\/\/bloomarine.gr\/fr\/product\/6-hours-sifnos-half-day-up-to-9-persons-marvel-10m\/\" \/>\n<meta property=\"og:site_name\" content=\"Bloomarine\" \/>\n<meta property=\"article:modified_time\" content=\"2024-04-22T15:37:33+00:00\" \/>\n<meta name=\"twitter:card\" content=\"summary_large_image\" \/>\n<meta name=\"twitter:label1\" content=\"Prix\" \/>\n\t<meta name=\"twitter:data1\" content=\"0,00&nbsp;&euro;\" \/>\n\t<meta name=\"twitter:label2\" content=\"Disponibilit\u00e9\" \/>\n\t<meta name=\"twitter:data2\" content=\"En stock\" \/>\n<script type=\"application\/ld+json\" class=\"yoast-schema-graph\">{\"@context\":\"https:\/\/schema.org\",\"@graph\":[{\"@type\":[\"WebPage\",\"ItemPage\"],\"@id\":\"https:\/\/bloomarine.gr\/fr\/product\/6-hours-sifnos-half-day-up-to-9-persons-marvel-10m\/\",\"url\":\"https:\/\/bloomarine.gr\/fr\/product\/6-hours-sifnos-half-day-up-to-9-persons-marvel-10m\/\",\"name\":\"Excursion d'une demi-journ\u00e9e \u00e0 Sifnos jusqu'\u00e0 9 personnes (Marvel 10m) - Bloomarine\",\"isPartOf\":{\"@id\":\"https:\/\/bloomarine.gr\/fr\/#website\"},\"datePublished\":\"2024-03-06T01:09:03+00:00\",\"dateModified\":\"2024-04-22T15:37:33+00:00\",\"breadcrumb\":{\"@id\":\"https:\/\/bloomarine.gr\/fr\/product\/6-hours-sifnos-half-day-up-to-9-persons-marvel-10m\/#breadcrumb\"},\"inLanguage\":\"fr-FR\",\"potentialAction\":[{\"@type\":\"ReadAction\",\"target\":[\"https:\/\/bloomarine.gr\/fr\/product\/6-hours-sifnos-half-day-up-to-9-persons-marvel-10m\/\"]}]},{\"@type\":\"BreadcrumbList\",\"@id\":\"https:\/\/bloomarine.gr\/fr\/product\/6-hours-sifnos-half-day-up-to-9-persons-marvel-10m\/#breadcrumb\",\"itemListElement\":[{\"@type\":\"ListItem\",\"position\":1,\"name\":\"Home\",\"item\":\"https:\/\/bloomarine.gr\/fr\/\"},{\"@type\":\"ListItem\",\"position\":2,\"name\":\"Produits\"},{\"@type\":\"ListItem\",\"position\":3,\"name\":\"Excursion d&#8217;une demi-journ\u00e9e \u00e0 Sifnos jusqu&#8217;\u00e0 9 personnes (Marvel 10m)\"}]},{\"@type\":\"WebSite\",\"@id\":\"https:\/\/bloomarine.gr\/fr\/#website\",\"url\":\"https:\/\/bloomarine.gr\/fr\/\",\"name\":\"Bloomarine\",\"description\":\"Sifnos Boat Rentals Sifnos Cruises Boat Tours\",\"publisher\":{\"@id\":\"https:\/\/bloomarine.gr\/fr\/#organization\"},\"potentialAction\":[{\"@type\":\"SearchAction\",\"target\":{\"@type\":\"EntryPoint\",\"urlTemplate\":\"https:\/\/bloomarine.gr\/fr\/?s={search_term_string}\"},\"query-input\":{\"@type\":\"PropertyValueSpecification\",\"valueRequired\":true,\"valueName\":\"search_term_string\"}}],\"inLanguage\":\"fr-FR\"},{\"@type\":\"Organization\",\"@id\":\"https:\/\/bloomarine.gr\/fr\/#organization\",\"name\":\"Bloomarine\",\"url\":\"https:\/\/bloomarine.gr\/fr\/\",\"logo\":{\"@type\":\"ImageObject\",\"inLanguage\":\"fr-FR\",\"@id\":\"https:\/\/bloomarine.gr\/fr\/#\/schema\/logo\/image\/\",\"url\":\"https:\/\/bloomarine.gr\/wp-content\/uploads\/2024\/01\/logo-bloomarine-2.png\",\"contentUrl\":\"https:\/\/bloomarine.gr\/wp-content\/uploads\/2024\/01\/logo-bloomarine-2.png\",\"width\":230,\"height\":200,\"caption\":\"Bloomarine\"},\"image\":{\"@id\":\"https:\/\/bloomarine.gr\/fr\/#\/schema\/logo\/image\/\"}}]}<\/script>\n<meta property=\"product:price:amount\" content=\"0.00\" \/>\n<meta property=\"product:price:currency\" content=\"EUR\" \/>\n<meta property=\"og:availability\" content=\"instock\" \/>\n<meta property=\"product:availability\" content=\"instock\" \/>\n<meta property=\"product:condition\" content=\"new\" \/>\n<!-- \/ Yoast SEO Premium plugin. -->","yoast_head_json":{"title":"Excursion d'une demi-journ\u00e9e \u00e0 Sifnos jusqu'\u00e0 9 personnes (Marvel 10m) - Bloomarine","robots":{"index":"index","follow":"follow","max-snippet":"max-snippet:-1","max-image-preview":"max-image-preview:large","max-video-preview":"max-video-preview:-1"},"canonical":"https:\/\/bloomarine.gr\/fr\/product\/6-hours-sifnos-half-day-up-to-9-persons-marvel-10m\/","og_locale":"fr_FR","og_type":"article","og_title":"Excursion d'une demi-journ\u00e9e \u00e0 Sifnos jusqu'\u00e0 9 personnes (Marvel 10m)","og_description":"Duration: 6 hours In the prices are included: Skipper, Fuel, Snacks, Soft drinks and water. Taxes are not included in the prices Passenger amenities: Masks, Snorkels, Fins, Clean towels upon request (10 euros per person) Marvel 10m rib: Full sun tent, T-top shower, bucket seats, folding ladders, refrigerator, GPS plotter, VHF radio, electric anchor, USB source, radio, 480 l\u00a0 fuel tank Extra charge for Pick up\/drop at Vathi Bay\u00a0 50 euros Extra charge for 1 hour more cruising time 80 euros","og_url":"https:\/\/bloomarine.gr\/fr\/product\/6-hours-sifnos-half-day-up-to-9-persons-marvel-10m\/","og_site_name":"Bloomarine","article_modified_time":"2024-04-22T15:37:33+00:00","twitter_card":"summary_large_image","twitter_misc":{"Prix":"0,00&nbsp;&euro;","Disponibilit\u00e9":"En stock"},"schema":{"@context":"https:\/\/schema.org","@graph":[{"@type":["WebPage","ItemPage"],"@id":"https:\/\/bloomarine.gr\/fr\/product\/6-hours-sifnos-half-day-up-to-9-persons-marvel-10m\/","url":"https:\/\/bloomarine.gr\/fr\/product\/6-hours-sifnos-half-day-up-to-9-persons-marvel-10m\/","name":"Excursion d'une demi-journ\u00e9e \u00e0 Sifnos jusqu'\u00e0 9 personnes (Marvel 10m) - Bloomarine","isPartOf":{"@id":"https:\/\/bloomarine.gr\/fr\/#website"},"datePublished":"2024-03-06T01:09:03+00:00","dateModified":"2024-04-22T15:37:33+00:00","breadcrumb":{"@id":"https:\/\/bloomarine.gr\/fr\/product\/6-hours-sifnos-half-day-up-to-9-persons-marvel-10m\/#breadcrumb"},"inLanguage":"fr-FR","potentialAction":[{"@type":"ReadAction","target":["https:\/\/bloomarine.gr\/fr\/product\/6-hours-sifnos-half-day-up-to-9-persons-marvel-10m\/"]}]},{"@type":"BreadcrumbList","@id":"https:\/\/bloomarine.gr\/fr\/product\/6-hours-sifnos-half-day-up-to-9-persons-marvel-10m\/#breadcrumb","itemListElement":[{"@type":"ListItem","position":1,"name":"Home","item":"https:\/\/bloomarine.gr\/fr\/"},{"@type":"ListItem","position":2,"name":"Produits"},{"@type":"ListItem","position":3,"name":"Excursion d&#8217;une demi-journ\u00e9e \u00e0 Sifnos jusqu&#8217;\u00e0 9 personnes (Marvel 10m)"}]},{"@type":"WebSite","@id":"https:\/\/bloomarine.gr\/fr\/#website","url":"https:\/\/bloomarine.gr\/fr\/","name":"Bloomarine","description":"Sifnos Boat Rentals Sifnos Cruises Boat Tours","publisher":{"@id":"https:\/\/bloomarine.gr\/fr\/#organization"},"potentialAction":[{"@type":"SearchAction","target":{"@type":"EntryPoint","urlTemplate":"https:\/\/bloomarine.gr\/fr\/?s={search_term_string}"},"query-input":{"@type":"PropertyValueSpecification","valueRequired":true,"valueName":"search_term_string"}}],"inLanguage":"fr-FR"},{"@type":"Organization","@id":"https:\/\/bloomarine.gr\/fr\/#organization","name":"Bloomarine","url":"https:\/\/bloomarine.gr\/fr\/","logo":{"@type":"ImageObject","inLanguage":"fr-FR","@id":"https:\/\/bloomarine.gr\/fr\/#\/schema\/logo\/image\/","url":"https:\/\/bloomarine.gr\/wp-content\/uploads\/2024\/01\/logo-bloomarine-2.png","contentUrl":"https:\/\/bloomarine.gr\/wp-content\/uploads\/2024\/01\/logo-bloomarine-2.png","width":230,"height":200,"caption":"Bloomarine"},"image":{"@id":"https:\/\/bloomarine.gr\/fr\/#\/schema\/logo\/image\/"}}]},"product_price_amount":"0.00","product_price_currency":"EUR","og_availability":"instock","product_availability":"instock","product_condition":"new"},"_links":{"self":[{"href":"https:\/\/bloomarine.gr\/fr\/wp-json\/wp\/v2\/product\/3806","targetHints":{"allow":["GET"]}}],"collection":[{"href":"https:\/\/bloomarine.gr\/fr\/wp-json\/wp\/v2\/product"}],"about":[{"href":"https:\/\/bloomarine.gr\/fr\/wp-json\/wp\/v2\/types\/product"}],"wp:attachment":[{"href":"https:\/\/bloomarine.gr\/fr\/wp-json\/wp\/v2\/media?parent=3806"}],"wp:term":[{"taxonomy":"product_brand","embeddable":true,"href":"https:\/\/bloomarine.gr\/fr\/wp-json\/wp\/v2\/product_brand?post=3806"},{"taxonomy":"product_cat","embeddable":true,"href":"https:\/\/bloomarine.gr\/fr\/wp-json\/wp\/v2\/product_cat?post=3806"},{"taxonomy":"product_tag","embeddable":true,"href":"https:\/\/bloomarine.gr\/fr\/wp-json\/wp\/v2\/product_tag?post=3806"}],"curies":[{"name":"wp","href":"https:\/\/api.w.org\/{rel}","templated":true}]}}